{"id":24,"date":"2021-06-07T04:13:41","date_gmt":"2021-06-07T07:13:41","guid":{"rendered":"https:\/\/pesquisadoacaobrasil.org.br\/2020\/?page_id=24"},"modified":"2021-08-22T19:47:55","modified_gmt":"2021-08-22T22:47:55","slug":"questionario","status":"publish","type":"page","link":"https:\/\/pesquisadoacaobrasil.org.br\/2020\/questionario\/","title":{"rendered":"Question\u00e1rio"},"content":{"rendered":"","protected":false},"excerpt":{"rendered":"","protected":false},"author":1,"featured_media":0,"parent":0,"menu_order":0,"comment_status":"closed","ping_status":"closed","template":"page-templates\/questionario.php","meta":{"footnotes":""},"class_list":["post-24","page","type-page","status-publish","hentry"],"yoast_head":"<!-- This site is optimized with the Yoast SEO plugin v20.10 - https:\/\/yoast.com\/wordpress\/plugins\/seo\/ -->\n<title>Question\u00e1rio - Pesquisa Doa\u00e7\u00e3o Brasil 2020 - IDIS<\/title>\n<meta name=\"robots\" content=\"index, follow, max-snippet:-1, max-image-preview:large, max-video-preview:-1\" \/>\n<link rel=\"canonical\" href=\"https:\/\/pesquisadoacaobrasil.org.br\/2020\/questionario\/\" \/>\n<meta property=\"og:locale\" content=\"pt_BR\" \/>\n<meta property=\"og:type\" content=\"article\" \/>\n<meta property=\"og:title\" content=\"Pesquisa Doa\u00e7\u00e3o Brasil 2020\" \/>\n<meta property=\"og:description\" content=\"A pesquisa que mostra como pensam e se comportam os doadores brasileiros (e os n\u00e3o doadores tamb\u00e9m). Visite para saber mais.\" \/>\n<meta property=\"og:url\" content=\"https:\/\/pesquisadoacaobrasil.org.br\/2020\/questionario\/\" \/>\n<meta property=\"og:site_name\" content=\"Pesquisa Doa\u00e7\u00e3o Brasil 2020 - IDIS\" \/>\n<meta property=\"article:modified_time\" content=\"2021-08-22T22:47:55+00:00\" \/>\n<meta property=\"og:image\" content=\"https:\/\/pesquisadoacaobrasil.org.br\/2020\/wp-content\/uploads\/2021\/08\/share-pesquisa-doacao-2020.png\" \/>\n\t<meta property=\"og:image:width\" content=\"1083\" \/>\n\t<meta property=\"og:image:height\" content=\"608\" \/>\n\t<meta property=\"og:image:type\" content=\"image\/png\" \/>\n<meta name=\"twitter:card\" content=\"summary_large_image\" \/>\n<meta name=\"twitter:title\" content=\"Pesquisa Doa\u00e7\u00e3o Brasil 2020\" \/>\n<meta name=\"twitter:description\" content=\"A pesquisa que mostra como pensam e se comportam os doadores brasileiros (e os n\u00e3o doadores tamb\u00e9m). Visite para saber mais.\" \/>\n<meta name=\"twitter:image\" content=\"https:\/\/pesquisadoacaobrasil.org.br\/2020\/wp-content\/uploads\/2021\/08\/share-pesquisa-doacao-2020.png\" \/>\n<script type=\"application\/ld+json\" class=\"yoast-schema-graph\">{\"@context\":\"https:\/\/schema.org\",\"@graph\":[{\"@type\":\"WebPage\",\"@id\":\"https:\/\/pesquisadoacaobrasil.org.br\/2020\/questionario\/\",\"url\":\"https:\/\/pesquisadoacaobrasil.org.br\/2020\/questionario\/\",\"name\":\"Question\u00e1rio - Pesquisa Doa\u00e7\u00e3o Brasil 2020 - IDIS\",\"isPartOf\":{\"@id\":\"https:\/\/pesquisadoacaobrasil.org.br\/2020\/#website\"},\"datePublished\":\"2021-06-07T07:13:41+00:00\",\"dateModified\":\"2021-08-22T22:47:55+00:00\",\"inLanguage\":\"pt-BR\",\"potentialAction\":[{\"@type\":\"ReadAction\",\"target\":[\"https:\/\/pesquisadoacaobrasil.org.br\/2020\/questionario\/\"]}]},{\"@type\":\"WebSite\",\"@id\":\"https:\/\/pesquisadoacaobrasil.org.br\/2020\/#website\",\"url\":\"https:\/\/pesquisadoacaobrasil.org.br\/2020\/\",\"name\":\"Pesquisa Doa\u00e7\u00e3o Brasil 2020 - IDIS\",\"description\":\"\",\"publisher\":{\"@id\":\"https:\/\/pesquisadoacaobrasil.org.br\/2020\/#organization\"},\"potentialAction\":[{\"@type\":\"SearchAction\",\"target\":{\"@type\":\"EntryPoint\",\"urlTemplate\":\"https:\/\/pesquisadoacaobrasil.org.br\/2020\/?s={search_term_string}\"},\"query-input\":\"required name=search_term_string\"}],\"inLanguage\":\"pt-BR\"},{\"@type\":\"Organization\",\"@id\":\"https:\/\/pesquisadoacaobrasil.org.br\/2020\/#organization\",\"name\":\"Pesquisa Doa\u00e7\u00e3o Brasil 2020 - IDIS\",\"url\":\"https:\/\/pesquisadoacaobrasil.org.br\/2020\/\",\"logo\":{\"@type\":\"ImageObject\",\"inLanguage\":\"pt-BR\",\"@id\":\"https:\/\/pesquisadoacaobrasil.org.br\/2020\/#\/schema\/logo\/image\/\",\"url\":\"https:\/\/pesquisadoacaobrasil.org.br\/2020\/wp-content\/uploads\/2021\/05\/logo.svg\",\"contentUrl\":\"https:\/\/pesquisadoacaobrasil.org.br\/2020\/wp-content\/uploads\/2021\/05\/logo.svg\",\"caption\":\"Pesquisa Doa\u00e7\u00e3o Brasil 2020 - IDIS\"},\"image\":{\"@id\":\"https:\/\/pesquisadoacaobrasil.org.br\/2020\/#\/schema\/logo\/image\/\"}}]}<\/script>\n<!-- \/ Yoast SEO plugin. -->","yoast_head_json":{"title":"Question\u00e1rio - Pesquisa Doa\u00e7\u00e3o Brasil 2020 - IDIS","robots":{"index":"index","follow":"follow","max-snippet":"max-snippet:-1","max-image-preview":"max-image-preview:large","max-video-preview":"max-video-preview:-1"},"canonical":"https:\/\/pesquisadoacaobrasil.org.br\/2020\/questionario\/","og_locale":"pt_BR","og_type":"article","og_title":"Pesquisa Doa\u00e7\u00e3o Brasil 2020","og_description":"A pesquisa que mostra como pensam e se comportam os doadores brasileiros (e os n\u00e3o doadores tamb\u00e9m). Visite para saber mais.","og_url":"https:\/\/pesquisadoacaobrasil.org.br\/2020\/questionario\/","og_site_name":"Pesquisa Doa\u00e7\u00e3o Brasil 2020 - IDIS","article_modified_time":"2021-08-22T22:47:55+00:00","og_image":[{"width":1083,"height":608,"url":"https:\/\/pesquisadoacaobrasil.org.br\/2020\/wp-content\/uploads\/2021\/08\/share-pesquisa-doacao-2020.png","type":"image\/png"}],"twitter_card":"summary_large_image","twitter_title":"Pesquisa Doa\u00e7\u00e3o Brasil 2020","twitter_description":"A pesquisa que mostra como pensam e se comportam os doadores brasileiros (e os n\u00e3o doadores tamb\u00e9m). Visite para saber mais.","twitter_image":"https:\/\/pesquisadoacaobrasil.org.br\/2020\/wp-content\/uploads\/2021\/08\/share-pesquisa-doacao-2020.png","schema":{"@context":"https:\/\/schema.org","@graph":[{"@type":"WebPage","@id":"https:\/\/pesquisadoacaobrasil.org.br\/2020\/questionario\/","url":"https:\/\/pesquisadoacaobrasil.org.br\/2020\/questionario\/","name":"Question\u00e1rio - Pesquisa Doa\u00e7\u00e3o Brasil 2020 - IDIS","isPartOf":{"@id":"https:\/\/pesquisadoacaobrasil.org.br\/2020\/#website"},"datePublished":"2021-06-07T07:13:41+00:00","dateModified":"2021-08-22T22:47:55+00:00","inLanguage":"pt-BR","potentialAction":[{"@type":"ReadAction","target":["https:\/\/pesquisadoacaobrasil.org.br\/2020\/questionario\/"]}]},{"@type":"WebSite","@id":"https:\/\/pesquisadoacaobrasil.org.br\/2020\/#website","url":"https:\/\/pesquisadoacaobrasil.org.br\/2020\/","name":"Pesquisa Doa\u00e7\u00e3o Brasil 2020 - IDIS","description":"","publisher":{"@id":"https:\/\/pesquisadoacaobrasil.org.br\/2020\/#organization"},"potentialAction":[{"@type":"SearchAction","target":{"@type":"EntryPoint","urlTemplate":"https:\/\/pesquisadoacaobrasil.org.br\/2020\/?s={search_term_string}"},"query-input":"required name=search_term_string"}],"inLanguage":"pt-BR"},{"@type":"Organization","@id":"https:\/\/pesquisadoacaobrasil.org.br\/2020\/#organization","name":"Pesquisa Doa\u00e7\u00e3o Brasil 2020 - IDIS","url":"https:\/\/pesquisadoacaobrasil.org.br\/2020\/","logo":{"@type":"ImageObject","inLanguage":"pt-BR","@id":"https:\/\/pesquisadoacaobrasil.org.br\/2020\/#\/schema\/logo\/image\/","url":"https:\/\/pesquisadoacaobrasil.org.br\/2020\/wp-content\/uploads\/2021\/05\/logo.svg","contentUrl":"https:\/\/pesquisadoacaobrasil.org.br\/2020\/wp-content\/uploads\/2021\/05\/logo.svg","caption":"Pesquisa Doa\u00e7\u00e3o Brasil 2020 - IDIS"},"image":{"@id":"https:\/\/pesquisadoacaobrasil.org.br\/2020\/#\/schema\/logo\/image\/"}}]}},"acf":{"hero":{"title":"Question\u00e1rio"},"questions":[{"title":"Conhe\u00e7a o question\u00e1rio da Pesquisa Doa\u00e7\u00e3o Brasil 2020","list":[{"bullet-link":false,"title":"Q2. Como voc\u00ea se sente com rela\u00e7\u00e3o \u00e0s seguintes situa\u00e7\u00f5es de sua vida? Utilize uma nota de 1 a 5 onde 1 \u00e9 muito insatisfeito e 5 muito satisfeito.","text":""},{"bullet-link":false,"title":"Q3b. Qual o grau de responsabilidade de dos agentes abaixo pela solu\u00e7\u00e3o dos problemas sociais e ambientais do Brasil? Voc\u00ea diria que \u00e9\/s\u00e3o muito, um pouco ou nada respons\u00e1veis?","text":""},{"bullet-link":false,"title":"Q4. Quando voc\u00ea ouve essas palavras, voc\u00ea associa o termo com algo positivo ou negativo? ","text":""},{"bullet-link":false,"title":"Q6.  Agora, eu gostaria que voc\u00ea avaliasse as seguintes frases referentes a institui\u00e7\u00f5es socioambientas, conhecidas como as ONGs,  dando uma nota de 1 a 5, onde 1 significa que voc\u00ea discorda totalmente e 5 voc\u00ea concorda totalmente com  as seguintes frases:","text":""},{"bullet-link":false,"title":"Q7. Falando agora sobre o tema doa\u00e7\u00e3o, por favor me diga qual o seu grau de concord\u00e2ncia com as seguintes frases utilizando uma escala de 1 a 5, onde 1 significa que voc\u00ea discorda totalmente e 5 voc\u00ea concorda totalmente com as seguintes frases:","text":""},{"bullet-link":false,"title":"Q7c. E por quais motivos voc\u00ea acha que as pessoas n\u00e3o devem ficar falando que fazem doa\u00e7\u00e3o? ","text":""},{"bullet-link":false,"title":"Q8. E quais causas voc\u00ea diria que mais te sensibilizam para uma eventual doa\u00e7\u00e3o? Mais alguma causa sensibiliza voc\u00ea para uma eventual doa\u00e7\u00e3o? Alguma outra? ","text":""},{"bullet-link":false,"title":"Q9. E voc\u00ea fez algum tipo de doa\u00e7\u00e3o, como dinheiro, roupas, alimentos, bens materiais ou trabalho volunt\u00e1rios, durante o ano de 2020? ","text":""},{"bullet-link":false,"title":"Q10. E voc\u00ea fez alguma doa\u00e7\u00e3o diretamente em dinheiro em 2020?","text":""},{"bullet-link":false,"title":"Q11. Por acaso voc\u00ea doou dinheiro para iniciativas ligadas \u00e0 pandemia? [CASO SIM] E qual foi o valor aproximado que voc\u00ea doou durante o ano todo para iniciativas ligadas \u00e0 pandemia?","text":""},{"bullet-link":false,"title":"Q12 Se n\u00e3o tivesse ocorrido a pandemia, voc\u00ea teria feito alguma doa\u00e7\u00e3o financeira?","text":""},{"bullet-link":false,"title":"Q12a  E de quanto  teria sido o valor dessa doa\u00e7\u00e3o, aproximadamente, caso ela fosse menor? ","text":""},{"bullet-link":false,"title":"Q12b  E de quanto teria sido o valor dessa doa\u00e7\u00e3o, aproximadamente, caso ela fosse maior? [","text":""},{"bullet-link":false,"title":"Q13 E para al\u00e9m da pandemia, para quais benefici\u00e1rios voc\u00ea fez doa\u00e7\u00f5es em dinheiro no \u00faltimo ano?: ","text":""},{"bullet-link":false,"title":"Q14 E voc\u00ea saber dizer qual seria o valor aproximado dessas doa\u00e7\u00f5es em dinheiro durante o ano todo, exceto esmolas e d\u00edzimo? ","text":""},{"bullet-link":false,"title":"Q15a. E para quantas institui\u00e7\u00f5es voc\u00ea doou? ","text":""},{"bullet-link":false,"title":"Q18. Essa institui\u00e7\u00e3o \u00e9 vinculada a alguma igreja? ","text":""},{"bullet-link":false,"title":"Q19. Com que frequ\u00eancia voc\u00ea costuma doar\/ ou doou para essa institui\u00e7\u00e3o? ","text":""},{"bullet-link":false,"title":"Q20. Qual o valor que voc\u00ea costumar doar em cada doa\u00e7\u00e3o que realiza? ","text":""},{"bullet-link":false,"title":"Q21. Como a institui\u00e7\u00e3o abordou ou contatou voc\u00ea? ","text":""},{"bullet-link":false,"title":"Q22. Qual a forma de pagamento dessa doa\u00e7\u00e3o? ","text":""},{"bullet-link":false,"title":"Q23. E voc\u00ea j\u00e1 visitou pessoalmente esta institui\u00e7\u00e3o? ","text":""},{"bullet-link":false,"title":"Q24. Voc\u00ea fez alguma doa\u00e7\u00e3o online em 2020? E quais dos seguintes canais voc\u00ea utilizou para realizar uma doa\u00e7\u00e3o online? ","text":""},{"bullet-link":false,"title":"Q24a. E por quais motivos voc\u00ea diria que escolheu realizar uma doa\u00e7\u00e3o online? ","text":""},{"bullet-link":false,"title":"Q25. E por quais motivos voc\u00ea diria que n\u00e3o realizou uma doa\u00e7\u00e3o online?","text":""},{"bullet-link":false,"title":"Q26 Falando um pouco sobre a realiza\u00e7\u00e3o de doa\u00e7\u00f5es online, quais das seguintes caracter\u00edsticas voc\u00ea diria que mais est\u00e3o associadas \u00e0 doa\u00e7\u00e3o online? Mais alguma? Alguma outra? ","text":""},{"bullet-link":false,"title":"Q27. Por qual raz\u00e3o voc\u00ea faz doa\u00e7\u00f5es de dinheiro para as organiza\u00e7\u00f5es sociais? Mais alguma raz\u00e3o? Alguma outra? ","text":""},{"bullet-link":false,"title":"Q28. E em 2021 voc\u00ea diria que pretende doar mais, menos ou igual a 2020?","text":""},{"bullet-link":false,"title":"Q28a. E por quais motivos voc\u00ea pretende doar mais do que doou o ano passado? ","text":""},{"bullet-link":false,"title":"Q28b. E por quais motivos voc\u00ea pretende doar menos do que doou o ano passado? ","text":""},{"bullet-link":false,"title":"Q29. E por acaso voc\u00ea fez doa\u00e7\u00e3o de algum produto ou item, como bens materiais ou alimentos durante o ano de 2020? E quais dos seguintes itens que eu vou ler voc\u00ea doou? Mais algum?","text":""},{"bullet-link":false,"title":"Q29a. E essa doa\u00e7\u00e3o em bens materiais ou alimentos que voc\u00ea fez foi para iniciativas ligadas \u00e0 pandemia? ","text":""},{"bullet-link":false,"title":"Q30. Por acaso voc\u00ea realizou algum trabalho volunt\u00e1rio durante o ano de 2020? E aproximadamente quantas horas por m\u00eas voc\u00ea se dedicou a este trabalho?","text":""},{"bullet-link":false,"title":"Q30a. E esse trabalho volunt\u00e1rio que voc\u00ea fez foi para iniciativas ligadas \u00e0 pandemia?","text":""},{"bullet-link":false,"title":"Q31. Com rela\u00e7\u00e3o \u00e0s doa\u00e7\u00f5es que voc\u00ea realiza, responda em uma escala de 1 a 5 onde 1 \u00e9 discordo totalmente e 5 concordo totalmente. ","text":""},{"bullet-link":false,"title":"Q32. Em rela\u00e7\u00e3o aos motivos que levam uma pessoa a realizar uma doa\u00e7\u00e3o, por favor indique numa escala de 1 a 5 qual \u00e9 o grau de import\u00e2ncia que voc\u00ea considera para realizar uma doa\u00e7\u00e3o, onde 1 \u00e9 nenhuma import\u00e2ncia e 5 significa total import\u00e2ncia. ","text":""},{"bullet-link":false,"title":"Q33.  Voc\u00ea j\u00e1 utilizou os meios de pagamento abaixo para fazer uma doa\u00e7\u00e3o? ","text":""},{"bullet-link":"","title":"Q35. E como voc\u00ea avalia o uso dos meios de pagamento abaixo para fazer uma doa\u00e7\u00e3o? Por favor, utilize uma nota de 1 a 5, onde 1 \u00e9 muito inconveniente e 5 muito conveniente","text":""},{"bullet-link":false,"title":"Q36 Responda \u00e0s seguintes frases referentes \u00e0 doa\u00e7\u00e3o, dando nota de 1 a 5, onde com 1 voc\u00ea discorda totalmente e com 5 voc\u00ea concorda totalmente: ","text":""},{"bullet-link":false,"title":"Q37. Nos \u00faltimos 5 anos anteriores a 2020 voc\u00ea fez alguma doa\u00e7\u00e3o em dinheiro para alguma institui\u00e7\u00e3o ou ONG? ","text":""},{"bullet-link":false,"title":"Q37a. Por qual raz\u00e3o deixou de fazer doa\u00e7\u00f5es em dinheiro em 2020? Algo mais? ","text":""},{"bullet-link":false,"title":"Q38. H\u00e1 alguma raz\u00e3o para voc\u00ea n\u00e3o fazer doa\u00e7\u00f5es em dinheiro? Algo mais? ","text":""},{"bullet-link":false,"title":"Q39. Dos motivos que vou ler, por favor responda qual a import\u00e2ncia de cada um para o fato de voc\u00ea n\u00e3o doar em dinheiro. Use uma nota de 1 a 5 onde 1 \u00e9 nenhuma import\u00e2ncia e 5 total import\u00e2ncia.","text":""},{"bullet-link":false,"title":"Q40. Existe algo que faria com que voc\u00ea doasse em dinheiro para alguma institui\u00e7\u00e3o? (CASO SIM). E quais motivos fariam com que voc\u00ea passasse a realizar doa\u00e7\u00f5es? Mais alguma coisa? ","text":""},{"bullet-link":false,"title":"Q42. Dos seguintes modos que as institui\u00e7\u00f5es utilizam para solicitar a doa\u00e7\u00e3o, e utilizando uma escala de 1 a 5, onde 1 \u00e9 muito inconveniente e 5 \u00e9 muito conveniente, como voc\u00ea avalia a forma com que a abordagem para realizar uma doa\u00e7\u00e3o \u00e9 feita: ","text":""},{"bullet-link":false,"title":"Q43. Quando voc\u00ea \u00e9 abordado para fazer alguma doa\u00e7\u00e3o em dinheiro, qual a sua rea\u00e7\u00e3o mais comum? ","text":""},{"bullet-link":false,"title":"Q45. Voc\u00ea sabe se \u00e9 poss\u00edvel descontar doa\u00e7\u00f5es do imposto de renda ?","text":""},{"bullet-link":false,"title":"Q45a. E por acaso voc\u00ea usa este mecanismo de declarar as doa\u00e7\u00f5es para abater o desconto do imposto de renda?","text":""},{"bullet-link":false,"title":"Q46a. Se voc\u00ea tivesse muitos recursos financeiros e\/ou materiais, voc\u00ea consideraria a possibilidade de deixar parte de sua heran\u00e7a para alguma(s) ONG(s) de sua confian\u00e7a?","text":""}]}],"form_newsletter":{"title":"Fique por dentro das novidades!","text":"Cadastre-se e receba novidades sobre a pesquisa e conte\u00fados sobre cultura de doa\u00e7\u00e3o.","label":"Tamb\u00e9m quero receber o InVista Social, a newsletter mensal do IDIS","placeholder":"E-mail","submit":"Receber aviso"}},"_links":{"self":[{"href":"https:\/\/pesquisadoacaobrasil.org.br\/2020\/wp-json\/wp\/v2\/pages\/24","targetHints":{"allow":["GET"]}}],"collection":[{"href":"https:\/\/pesquisadoacaobrasil.org.br\/2020\/wp-json\/wp\/v2\/pages"}],"about":[{"href":"https:\/\/pesquisadoacaobrasil.org.br\/2020\/wp-json\/wp\/v2\/types\/page"}],"author":[{"embeddable":true,"href":"https:\/\/pesquisadoacaobrasil.org.br\/2020\/wp-json\/wp\/v2\/users\/1"}],"replies":[{"embeddable":true,"href":"https:\/\/pesquisadoacaobrasil.org.br\/2020\/wp-json\/wp\/v2\/comments?post=24"}],"version-history":[{"count":11,"href":"https:\/\/pesquisadoacaobrasil.org.br\/2020\/wp-json\/wp\/v2\/pages\/24\/revisions"}],"predecessor-version":[{"id":642,"href":"https:\/\/pesquisadoacaobrasil.org.br\/2020\/wp-json\/wp\/v2\/pages\/24\/revisions\/642"}],"wp:attachment":[{"href":"https:\/\/pesquisadoacaobrasil.org.br\/2020\/wp-json\/wp\/v2\/media?parent=24"}],"curies":[{"name":"wp","href":"https:\/\/api.w.org\/{rel}","templated":true}]}}