{"id":31,"date":"2021-08-07T08:53:11","date_gmt":"2021-08-07T11:53:11","guid":{"rendered":"https:\/\/pesquisadoacaobrasil.org.br\/2020\/?page_id=31"},"modified":"2021-08-20T14:23:22","modified_gmt":"2021-08-20T17:23:22","slug":"metodologia","status":"publish","type":"page","link":"https:\/\/pesquisadoacaobrasil.org.br\/2020\/metodologia\/","title":{"rendered":"Metodologia"},"content":{"rendered":"","protected":false},"excerpt":{"rendered":"","protected":false},"author":1,"featured_media":0,"parent":0,"menu_order":0,"comment_status":"closed","ping_status":"closed","template":"","meta":{"footnotes":""},"class_list":["post-31","page","type-page","status-publish","hentry"],"yoast_head":"<!-- This site is optimized with the Yoast SEO plugin v20.10 - https:\/\/yoast.com\/wordpress\/plugins\/seo\/ -->\n<title>Metodologia - Pesquisa Doa\u00e7\u00e3o Brasil 2020 - IDIS<\/title>\n<meta name=\"robots\" content=\"index, follow, max-snippet:-1, max-image-preview:large, max-video-preview:-1\" \/>\n<link rel=\"canonical\" href=\"https:\/\/pesquisadoacaobrasil.org.br\/2020\/metodologia\/\" \/>\n<meta property=\"og:locale\" content=\"pt_BR\" \/>\n<meta property=\"og:type\" content=\"article\" \/>\n<meta property=\"og:title\" content=\"Pesquisa Doa\u00e7\u00e3o Brasil 2020\" \/>\n<meta property=\"og:description\" content=\"A pesquisa que mostra como pensam e se comportam os doadores brasileiros (e os n\u00e3o doadores tamb\u00e9m). Visite para saber mais.\" \/>\n<meta property=\"og:url\" content=\"https:\/\/pesquisadoacaobrasil.org.br\/2020\/metodologia\/\" \/>\n<meta property=\"og:site_name\" content=\"Pesquisa Doa\u00e7\u00e3o Brasil 2020 - IDIS\" \/>\n<meta property=\"article:modified_time\" content=\"2021-08-20T17:23:22+00:00\" \/>\n<meta property=\"og:image\" content=\"https:\/\/pesquisadoacaobrasil.org.br\/2020\/wp-content\/uploads\/2021\/08\/share-pesquisa-doacao-2020.png\" \/>\n\t<meta property=\"og:image:width\" content=\"1083\" \/>\n\t<meta property=\"og:image:height\" content=\"608\" \/>\n\t<meta property=\"og:image:type\" content=\"image\/png\" \/>\n<meta name=\"twitter:card\" content=\"summary_large_image\" \/>\n<meta name=\"twitter:title\" content=\"Pesquisa Doa\u00e7\u00e3o Brasil 2020\" \/>\n<meta name=\"twitter:description\" content=\"A pesquisa que mostra como pensam e se comportam os doadores brasileiros (e os n\u00e3o doadores tamb\u00e9m). Visite para saber mais.\" \/>\n<meta name=\"twitter:image\" content=\"https:\/\/pesquisadoacaobrasil.org.br\/2020\/wp-content\/uploads\/2021\/08\/share-pesquisa-doacao-2020.png\" \/>\n<script type=\"application\/ld+json\" class=\"yoast-schema-graph\">{\"@context\":\"https:\/\/schema.org\",\"@graph\":[{\"@type\":\"WebPage\",\"@id\":\"https:\/\/pesquisadoacaobrasil.org.br\/2020\/metodologia\/\",\"url\":\"https:\/\/pesquisadoacaobrasil.org.br\/2020\/metodologia\/\",\"name\":\"Metodologia - Pesquisa Doa\u00e7\u00e3o Brasil 2020 - IDIS\",\"isPartOf\":{\"@id\":\"https:\/\/pesquisadoacaobrasil.org.br\/2020\/#website\"},\"datePublished\":\"2021-08-07T11:53:11+00:00\",\"dateModified\":\"2021-08-20T17:23:22+00:00\",\"inLanguage\":\"pt-BR\",\"potentialAction\":[{\"@type\":\"ReadAction\",\"target\":[\"https:\/\/pesquisadoacaobrasil.org.br\/2020\/metodologia\/\"]}]},{\"@type\":\"WebSite\",\"@id\":\"https:\/\/pesquisadoacaobrasil.org.br\/2020\/#website\",\"url\":\"https:\/\/pesquisadoacaobrasil.org.br\/2020\/\",\"name\":\"Pesquisa Doa\u00e7\u00e3o Brasil 2020 - IDIS\",\"description\":\"\",\"publisher\":{\"@id\":\"https:\/\/pesquisadoacaobrasil.org.br\/2020\/#organization\"},\"potentialAction\":[{\"@type\":\"SearchAction\",\"target\":{\"@type\":\"EntryPoint\",\"urlTemplate\":\"https:\/\/pesquisadoacaobrasil.org.br\/2020\/?s={search_term_string}\"},\"query-input\":\"required name=search_term_string\"}],\"inLanguage\":\"pt-BR\"},{\"@type\":\"Organization\",\"@id\":\"https:\/\/pesquisadoacaobrasil.org.br\/2020\/#organization\",\"name\":\"Pesquisa Doa\u00e7\u00e3o Brasil 2020 - IDIS\",\"url\":\"https:\/\/pesquisadoacaobrasil.org.br\/2020\/\",\"logo\":{\"@type\":\"ImageObject\",\"inLanguage\":\"pt-BR\",\"@id\":\"https:\/\/pesquisadoacaobrasil.org.br\/2020\/#\/schema\/logo\/image\/\",\"url\":\"https:\/\/pesquisadoacaobrasil.org.br\/2020\/wp-content\/uploads\/2021\/05\/logo.svg\",\"contentUrl\":\"https:\/\/pesquisadoacaobrasil.org.br\/2020\/wp-content\/uploads\/2021\/05\/logo.svg\",\"caption\":\"Pesquisa Doa\u00e7\u00e3o Brasil 2020 - IDIS\"},\"image\":{\"@id\":\"https:\/\/pesquisadoacaobrasil.org.br\/2020\/#\/schema\/logo\/image\/\"}}]}<\/script>\n<!-- \/ Yoast SEO plugin. -->","yoast_head_json":{"title":"Metodologia - Pesquisa Doa\u00e7\u00e3o Brasil 2020 - IDIS","robots":{"index":"index","follow":"follow","max-snippet":"max-snippet:-1","max-image-preview":"max-image-preview:large","max-video-preview":"max-video-preview:-1"},"canonical":"https:\/\/pesquisadoacaobrasil.org.br\/2020\/metodologia\/","og_locale":"pt_BR","og_type":"article","og_title":"Pesquisa Doa\u00e7\u00e3o Brasil 2020","og_description":"A pesquisa que mostra como pensam e se comportam os doadores brasileiros (e os n\u00e3o doadores tamb\u00e9m). Visite para saber mais.","og_url":"https:\/\/pesquisadoacaobrasil.org.br\/2020\/metodologia\/","og_site_name":"Pesquisa Doa\u00e7\u00e3o Brasil 2020 - IDIS","article_modified_time":"2021-08-20T17:23:22+00:00","og_image":[{"width":1083,"height":608,"url":"https:\/\/pesquisadoacaobrasil.org.br\/2020\/wp-content\/uploads\/2021\/08\/share-pesquisa-doacao-2020.png","type":"image\/png"}],"twitter_card":"summary_large_image","twitter_title":"Pesquisa Doa\u00e7\u00e3o Brasil 2020","twitter_description":"A pesquisa que mostra como pensam e se comportam os doadores brasileiros (e os n\u00e3o doadores tamb\u00e9m). Visite para saber mais.","twitter_image":"https:\/\/pesquisadoacaobrasil.org.br\/2020\/wp-content\/uploads\/2021\/08\/share-pesquisa-doacao-2020.png","schema":{"@context":"https:\/\/schema.org","@graph":[{"@type":"WebPage","@id":"https:\/\/pesquisadoacaobrasil.org.br\/2020\/metodologia\/","url":"https:\/\/pesquisadoacaobrasil.org.br\/2020\/metodologia\/","name":"Metodologia - Pesquisa Doa\u00e7\u00e3o Brasil 2020 - IDIS","isPartOf":{"@id":"https:\/\/pesquisadoacaobrasil.org.br\/2020\/#website"},"datePublished":"2021-08-07T11:53:11+00:00","dateModified":"2021-08-20T17:23:22+00:00","inLanguage":"pt-BR","potentialAction":[{"@type":"ReadAction","target":["https:\/\/pesquisadoacaobrasil.org.br\/2020\/metodologia\/"]}]},{"@type":"WebSite","@id":"https:\/\/pesquisadoacaobrasil.org.br\/2020\/#website","url":"https:\/\/pesquisadoacaobrasil.org.br\/2020\/","name":"Pesquisa Doa\u00e7\u00e3o Brasil 2020 - IDIS","description":"","publisher":{"@id":"https:\/\/pesquisadoacaobrasil.org.br\/2020\/#organization"},"potentialAction":[{"@type":"SearchAction","target":{"@type":"EntryPoint","urlTemplate":"https:\/\/pesquisadoacaobrasil.org.br\/2020\/?s={search_term_string}"},"query-input":"required name=search_term_string"}],"inLanguage":"pt-BR"},{"@type":"Organization","@id":"https:\/\/pesquisadoacaobrasil.org.br\/2020\/#organization","name":"Pesquisa Doa\u00e7\u00e3o Brasil 2020 - IDIS","url":"https:\/\/pesquisadoacaobrasil.org.br\/2020\/","logo":{"@type":"ImageObject","inLanguage":"pt-BR","@id":"https:\/\/pesquisadoacaobrasil.org.br\/2020\/#\/schema\/logo\/image\/","url":"https:\/\/pesquisadoacaobrasil.org.br\/2020\/wp-content\/uploads\/2021\/05\/logo.svg","contentUrl":"https:\/\/pesquisadoacaobrasil.org.br\/2020\/wp-content\/uploads\/2021\/05\/logo.svg","caption":"Pesquisa Doa\u00e7\u00e3o Brasil 2020 - IDIS"},"image":{"@id":"https:\/\/pesquisadoacaobrasil.org.br\/2020\/#\/schema\/logo\/image\/"}}]}},"acf":{"hero":{"title":"Metodologia","info":{"image":{"ID":167,"id":167,"title":"pesquisa-doacao-brasil","filename":"pesquisa-doacao-brasil.svg","filesize":20344,"url":"https:\/\/pesquisadoacaobrasil.org.br\/2020\/wp-content\/uploads\/2021\/08\/pesquisa-doacao-brasil.svg","link":"https:\/\/pesquisadoacaobrasil.org.br\/2020\/home\/pesquisa-doacao-brasil\/","alt":"","author":"1","description":"","caption":"","name":"pesquisa-doacao-brasil","status":"inherit","uploaded_to":8,"date":"2021-08-07 22:07:53","modified":"2021-08-07 22:07:53","menu_order":0,"mime_type":"image\/svg+xml","type":"image","subtype":"svg+xml","icon":"https:\/\/pesquisadoacaobrasil.org.br\/2020\/wp-includes\/images\/media\/default.png","width":0,"height":0,"sizes":{"thumbnail":"https:\/\/pesquisadoacaobrasil.org.br\/2020\/wp-content\/uploads\/2021\/08\/pesquisa-doacao-brasil.svg","thumbnail-width":1,"thumbnail-height":1,"medium":"https:\/\/pesquisadoacaobrasil.org.br\/2020\/wp-content\/uploads\/2021\/08\/pesquisa-doacao-brasil.svg","medium-width":1,"medium-height":1,"medium_large":"https:\/\/pesquisadoacaobrasil.org.br\/2020\/wp-content\/uploads\/2021\/08\/pesquisa-doacao-brasil.svg","medium_large-width":1,"medium_large-height":1,"large":"https:\/\/pesquisadoacaobrasil.org.br\/2020\/wp-content\/uploads\/2021\/08\/pesquisa-doacao-brasil.svg","large-width":1,"large-height":1,"1536x1536":"https:\/\/pesquisadoacaobrasil.org.br\/2020\/wp-content\/uploads\/2021\/08\/pesquisa-doacao-brasil.svg","1536x1536-width":1,"1536x1536-height":1,"2048x2048":"https:\/\/pesquisadoacaobrasil.org.br\/2020\/wp-content\/uploads\/2021\/08\/pesquisa-doacao-brasil.svg","2048x2048-width":1,"2048x2048-height":1}},"title":"Saiba como foi realizada a Pesquisa Doa\u00e7\u00e3o Brasil 2020"}},"step_1":{"title":"ETAPA QUALITATIVA","text":"<p>&nbsp;<\/p>\n<p>Com o objetivo de mensurar qualitativamente a maneira como a popula\u00e7\u00e3o lida com a cultura de doa\u00e7\u00e3o e dar subs\u00eddios \u00e0 investiga\u00e7\u00e3o quantitativa e adapta\u00e7\u00e3o do question\u00e1rio, foram realizados oito grupos focais, cada um com oito participantes moradores da regi\u00e3o metropolitana de S\u00e3o Paulo.<\/p>\n<p>A etapa foi realizada entre os dias 18 e 21 de janeiro de 2021, de forma online em funda\u00e7\u00e3o da pandemia do Covid-19 e o necess\u00e1rio isolamento social.<\/p>\n<p>As escolha por habitantes da mesma regi\u00e3o se deu em raz\u00e3o da experi\u00eancia da Pesquisa Doa\u00e7\u00e3o Brasil 2015, quando grupos focais realizados em Recife, S\u00e3o Paulo e Porto Alegre, n\u00e3o apresentaram diferen\u00e7as significativas.<\/p>\n","link":""},"participants":{"title":"PERFIL DOS PARTICIPANTES","list":[{"item":"Homens e <br \/>Mulheres"},{"item":"Classe: <br \/>ABC"},{"item":"Idade: 25 a<br \/> 60 anos"},{"item":"Doadores"},{"item":"N\u00e3o Doadores"}],"table":{"title":"Composi\u00e7\u00e3o dos grupos focais","table":{"header":"Composi\u00e7\u00e3o dos grupos focais","subheader-1":"Classe Socioecon\u00f4mica AB1","subheader-2":"Classe Socioecon\u00f4mica B2C1","total":"Total","table":[{"col_1":"Faixa Et\u00e1ria","col_2":"Doadores","col_3":"N\u00e3o Doadores","col_4":"Doadores","col_5":"N\u00e3o Doadores","col_6":""},{"col_1":"25 a 28 anos","col_2":"1","col_3":"1","col_4":"1","col_5":"1","col_6":"4"},{"col_1":"42 a 60 anos","col_2":"1","col_3":"1","col_4":"1","col_5":"1","col_6":"4"},{"col_1":"Total","col_2":"2","col_3":"2","col_4":"2","col_5":"2","col_6":"8"}]}}},"step_2":{"title":"ETAPA QUANTITATIVA","date":"","text":"<p>&nbsp;<\/p>\n<p>As entrevistas para a Pesquisa foram realizadas usando a metodologia Entrevista Telef\u00f4nica Assistida por Computador (CATI), onde o entrevistador aplica o question\u00e1rio usando um programa que minimiza desvios. A margem de erro \u00e9 de \u00b12 pontos percentuais.<\/p>\n<p>Total da amostra: 2.103 entrevistados.<\/p>\n<p>Per\u00edodo de realiza\u00e7\u00e3o: 16 de mar\u00e7o a 22 maio de 2021<\/p>\n<p>Recorte: popula\u00e7\u00e3o maior de 18 anos com renda familiar superior a 1 sal\u00e1rio m\u00ednimo.<\/p>\n<p>A amostra foi composta de acordo com a distribui\u00e7\u00e3o real da popula\u00e7\u00e3o brasileira segundo o PNAD 2019, ou seja, as cotas de idade, sexo e regi\u00e3o t\u00eam a mesma propor\u00e7\u00e3o encontrada na popula\u00e7\u00e3o brasileira.<\/p>\n","link":""},"profile":{"title":"","text":""},"newsletter":{"newsletter":{"title":"Fique por dentro!","text":"Cadastre-se e receba novidades sobre a pesquisa e conte\u00fados sobre cultura de doa\u00e7\u00e3o."}},"form_newsletter":{"title":"Fique por dentro das novidades!","text":"Cadastre-se e receba novidades sobre a pesquisa e conte\u00fados sobre cultura de doa\u00e7\u00e3o.","label":"Tamb\u00e9m quero receber o InVista Social, a newsletter mensal do IDIS","placeholder":"E-mail","submit":"Receber aviso"}},"_links":{"self":[{"href":"https:\/\/pesquisadoacaobrasil.org.br\/2020\/wp-json\/wp\/v2\/pages\/31","targetHints":{"allow":["GET"]}}],"collection":[{"href":"https:\/\/pesquisadoacaobrasil.org.br\/2020\/wp-json\/wp\/v2\/pages"}],"about":[{"href":"https:\/\/pesquisadoacaobrasil.org.br\/2020\/wp-json\/wp\/v2\/types\/page"}],"author":[{"embeddable":true,"href":"https:\/\/pesquisadoacaobrasil.org.br\/2020\/wp-json\/wp\/v2\/users\/1"}],"replies":[{"embeddable":true,"href":"https:\/\/pesquisadoacaobrasil.org.br\/2020\/wp-json\/wp\/v2\/comments?post=31"}],"version-history":[{"count":22,"href":"https:\/\/pesquisadoacaobrasil.org.br\/2020\/wp-json\/wp\/v2\/pages\/31\/revisions"}],"predecessor-version":[{"id":603,"href":"https:\/\/pesquisadoacaobrasil.org.br\/2020\/wp-json\/wp\/v2\/pages\/31\/revisions\/603"}],"wp:attachment":[{"href":"https:\/\/pesquisadoacaobrasil.org.br\/2020\/wp-json\/wp\/v2\/media?parent=31"}],"curies":[{"name":"wp","href":"https:\/\/api.w.org\/{rel}","templated":true}]}}