{"id":33,"date":"2021-08-07T08:53:48","date_gmt":"2021-08-07T11:53:48","guid":{"rendered":"https:\/\/pesquisadoacaobrasil.org.br\/2020\/?page_id=33"},"modified":"2021-08-20T19:35:07","modified_gmt":"2021-08-20T22:35:07","slug":"como-doar","status":"publish","type":"page","link":"https:\/\/pesquisadoacaobrasil.org.br\/2020\/como-doar\/","title":{"rendered":"Como Doar"},"content":{"rendered":"","protected":false},"excerpt":{"rendered":"","protected":false},"author":1,"featured_media":0,"parent":0,"menu_order":0,"comment_status":"closed","ping_status":"closed","template":"","meta":{"footnotes":""},"class_list":["post-33","page","type-page","status-publish","hentry"],"yoast_head":"<!-- This site is optimized with the Yoast SEO plugin v20.10 - https:\/\/yoast.com\/wordpress\/plugins\/seo\/ -->\n<title>Como Doar - Pesquisa Doa\u00e7\u00e3o Brasil 2020 - IDIS<\/title>\n<meta name=\"robots\" content=\"index, follow, max-snippet:-1, max-image-preview:large, max-video-preview:-1\" \/>\n<link rel=\"canonical\" href=\"https:\/\/pesquisadoacaobrasil.org.br\/2020\/como-doar\/\" \/>\n<meta property=\"og:locale\" content=\"pt_BR\" \/>\n<meta property=\"og:type\" content=\"article\" \/>\n<meta property=\"og:title\" content=\"Pesquisa Doa\u00e7\u00e3o Brasil 2020\" \/>\n<meta property=\"og:description\" content=\"A pesquisa que mostra como pensam e se comportam os doadores brasileiros (e os n\u00e3o doadores tamb\u00e9m). Visite para saber mais.\" \/>\n<meta property=\"og:url\" content=\"https:\/\/pesquisadoacaobrasil.org.br\/2020\/como-doar\/\" \/>\n<meta property=\"og:site_name\" content=\"Pesquisa Doa\u00e7\u00e3o Brasil 2020 - IDIS\" \/>\n<meta property=\"article:modified_time\" content=\"2021-08-20T22:35:07+00:00\" \/>\n<meta property=\"og:image\" content=\"https:\/\/pesquisadoacaobrasil.org.br\/2020\/wp-content\/uploads\/2021\/08\/share-pesquisa-doacao-2020.png\" \/>\n\t<meta property=\"og:image:width\" content=\"1083\" \/>\n\t<meta property=\"og:image:height\" content=\"608\" \/>\n\t<meta property=\"og:image:type\" content=\"image\/png\" \/>\n<meta name=\"twitter:card\" content=\"summary_large_image\" \/>\n<meta name=\"twitter:title\" content=\"Pesquisa Doa\u00e7\u00e3o Brasil 2020\" \/>\n<meta name=\"twitter:description\" content=\"A pesquisa que mostra como pensam e se comportam os doadores brasileiros (e os n\u00e3o doadores tamb\u00e9m). Visite para saber mais.\" \/>\n<meta name=\"twitter:image\" content=\"https:\/\/pesquisadoacaobrasil.org.br\/2020\/wp-content\/uploads\/2021\/08\/share-pesquisa-doacao-2020.png\" \/>\n<script type=\"application\/ld+json\" class=\"yoast-schema-graph\">{\"@context\":\"https:\/\/schema.org\",\"@graph\":[{\"@type\":\"WebPage\",\"@id\":\"https:\/\/pesquisadoacaobrasil.org.br\/2020\/como-doar\/\",\"url\":\"https:\/\/pesquisadoacaobrasil.org.br\/2020\/como-doar\/\",\"name\":\"Como Doar - Pesquisa Doa\u00e7\u00e3o Brasil 2020 - IDIS\",\"isPartOf\":{\"@id\":\"https:\/\/pesquisadoacaobrasil.org.br\/2020\/#website\"},\"datePublished\":\"2021-08-07T11:53:48+00:00\",\"dateModified\":\"2021-08-20T22:35:07+00:00\",\"inLanguage\":\"pt-BR\",\"potentialAction\":[{\"@type\":\"ReadAction\",\"target\":[\"https:\/\/pesquisadoacaobrasil.org.br\/2020\/como-doar\/\"]}]},{\"@type\":\"WebSite\",\"@id\":\"https:\/\/pesquisadoacaobrasil.org.br\/2020\/#website\",\"url\":\"https:\/\/pesquisadoacaobrasil.org.br\/2020\/\",\"name\":\"Pesquisa Doa\u00e7\u00e3o Brasil 2020 - IDIS\",\"description\":\"\",\"publisher\":{\"@id\":\"https:\/\/pesquisadoacaobrasil.org.br\/2020\/#organization\"},\"potentialAction\":[{\"@type\":\"SearchAction\",\"target\":{\"@type\":\"EntryPoint\",\"urlTemplate\":\"https:\/\/pesquisadoacaobrasil.org.br\/2020\/?s={search_term_string}\"},\"query-input\":\"required name=search_term_string\"}],\"inLanguage\":\"pt-BR\"},{\"@type\":\"Organization\",\"@id\":\"https:\/\/pesquisadoacaobrasil.org.br\/2020\/#organization\",\"name\":\"Pesquisa Doa\u00e7\u00e3o Brasil 2020 - IDIS\",\"url\":\"https:\/\/pesquisadoacaobrasil.org.br\/2020\/\",\"logo\":{\"@type\":\"ImageObject\",\"inLanguage\":\"pt-BR\",\"@id\":\"https:\/\/pesquisadoacaobrasil.org.br\/2020\/#\/schema\/logo\/image\/\",\"url\":\"https:\/\/pesquisadoacaobrasil.org.br\/2020\/wp-content\/uploads\/2021\/05\/logo.svg\",\"contentUrl\":\"https:\/\/pesquisadoacaobrasil.org.br\/2020\/wp-content\/uploads\/2021\/05\/logo.svg\",\"caption\":\"Pesquisa Doa\u00e7\u00e3o Brasil 2020 - IDIS\"},\"image\":{\"@id\":\"https:\/\/pesquisadoacaobrasil.org.br\/2020\/#\/schema\/logo\/image\/\"}}]}<\/script>\n<!-- \/ Yoast SEO plugin. -->","yoast_head_json":{"title":"Como Doar - Pesquisa Doa\u00e7\u00e3o Brasil 2020 - IDIS","robots":{"index":"index","follow":"follow","max-snippet":"max-snippet:-1","max-image-preview":"max-image-preview:large","max-video-preview":"max-video-preview:-1"},"canonical":"https:\/\/pesquisadoacaobrasil.org.br\/2020\/como-doar\/","og_locale":"pt_BR","og_type":"article","og_title":"Pesquisa Doa\u00e7\u00e3o Brasil 2020","og_description":"A pesquisa que mostra como pensam e se comportam os doadores brasileiros (e os n\u00e3o doadores tamb\u00e9m). Visite para saber mais.","og_url":"https:\/\/pesquisadoacaobrasil.org.br\/2020\/como-doar\/","og_site_name":"Pesquisa Doa\u00e7\u00e3o Brasil 2020 - IDIS","article_modified_time":"2021-08-20T22:35:07+00:00","og_image":[{"width":1083,"height":608,"url":"https:\/\/pesquisadoacaobrasil.org.br\/2020\/wp-content\/uploads\/2021\/08\/share-pesquisa-doacao-2020.png","type":"image\/png"}],"twitter_card":"summary_large_image","twitter_title":"Pesquisa Doa\u00e7\u00e3o Brasil 2020","twitter_description":"A pesquisa que mostra como pensam e se comportam os doadores brasileiros (e os n\u00e3o doadores tamb\u00e9m). Visite para saber mais.","twitter_image":"https:\/\/pesquisadoacaobrasil.org.br\/2020\/wp-content\/uploads\/2021\/08\/share-pesquisa-doacao-2020.png","schema":{"@context":"https:\/\/schema.org","@graph":[{"@type":"WebPage","@id":"https:\/\/pesquisadoacaobrasil.org.br\/2020\/como-doar\/","url":"https:\/\/pesquisadoacaobrasil.org.br\/2020\/como-doar\/","name":"Como Doar - Pesquisa Doa\u00e7\u00e3o Brasil 2020 - IDIS","isPartOf":{"@id":"https:\/\/pesquisadoacaobrasil.org.br\/2020\/#website"},"datePublished":"2021-08-07T11:53:48+00:00","dateModified":"2021-08-20T22:35:07+00:00","inLanguage":"pt-BR","potentialAction":[{"@type":"ReadAction","target":["https:\/\/pesquisadoacaobrasil.org.br\/2020\/como-doar\/"]}]},{"@type":"WebSite","@id":"https:\/\/pesquisadoacaobrasil.org.br\/2020\/#website","url":"https:\/\/pesquisadoacaobrasil.org.br\/2020\/","name":"Pesquisa Doa\u00e7\u00e3o Brasil 2020 - IDIS","description":"","publisher":{"@id":"https:\/\/pesquisadoacaobrasil.org.br\/2020\/#organization"},"potentialAction":[{"@type":"SearchAction","target":{"@type":"EntryPoint","urlTemplate":"https:\/\/pesquisadoacaobrasil.org.br\/2020\/?s={search_term_string}"},"query-input":"required name=search_term_string"}],"inLanguage":"pt-BR"},{"@type":"Organization","@id":"https:\/\/pesquisadoacaobrasil.org.br\/2020\/#organization","name":"Pesquisa Doa\u00e7\u00e3o Brasil 2020 - IDIS","url":"https:\/\/pesquisadoacaobrasil.org.br\/2020\/","logo":{"@type":"ImageObject","inLanguage":"pt-BR","@id":"https:\/\/pesquisadoacaobrasil.org.br\/2020\/#\/schema\/logo\/image\/","url":"https:\/\/pesquisadoacaobrasil.org.br\/2020\/wp-content\/uploads\/2021\/05\/logo.svg","contentUrl":"https:\/\/pesquisadoacaobrasil.org.br\/2020\/wp-content\/uploads\/2021\/05\/logo.svg","caption":"Pesquisa Doa\u00e7\u00e3o Brasil 2020 - IDIS"},"image":{"@id":"https:\/\/pesquisadoacaobrasil.org.br\/2020\/#\/schema\/logo\/image\/"}}]}},"acf":{"hero":{"title":"Como Doar","text":"Doar \u00e9 um ato de cidadania e solidariedade capaz de elevar a felicidade do doador, gerando bem-estar psicol\u00f3gico e emocional."},"list":[{"title":"Decida a(s) causa(s) a ser(em) apoiada(s)","text":"<p><img loading=\"lazy\" decoding=\"async\" class=\"wp-image-615 alignleft\" style=\"float: left; margin-right: 15px;\" src=\"https:\/\/pesquisadoacaobrasil.org.br\/2020\/wp-content\/uploads\/2021\/08\/banner-page-dsc-800x410-1-300x154.jpg\" alt=\"\" width=\"339\" height=\"174\" srcset=\"https:\/\/pesquisadoacaobrasil.org.br\/2020\/wp-content\/uploads\/2021\/08\/banner-page-dsc-800x410-1-300x154.jpg 300w, https:\/\/pesquisadoacaobrasil.org.br\/2020\/wp-content\/uploads\/2021\/08\/banner-page-dsc-800x410-1-768x394.jpg 768w, https:\/\/pesquisadoacaobrasil.org.br\/2020\/wp-content\/uploads\/2021\/08\/banner-page-dsc-800x410-1.jpg 800w\" sizes=\"auto, (max-width: 339px) 100vw, 339px\" \/><\/p>\n<p>Busque identificar quais s\u00e3o as causas mais importantes para voc\u00ea e seus familiares. Existem infinitas causas e quanto maior sua afinidade com a causa apoiada, maior a sua satisfa\u00e7\u00e3o com o gesto de doar. Para ajudar nesta etapa, o IDIS desenvolveu o Descubra Sua Causa, um teste simples e divertido onde voc\u00ea acha as causas que t\u00eam mais a ver com voc\u00ea. <a href=\"http:\/\/www.descubrasuacausa.net.br\" target=\"_blank\" rel=\"noopener\"><strong>Acesse aqui.<\/strong><\/a><\/p>\n<p>Outra boa forma de saber que tipo de causa voc\u00ea tem um maior interesse \u00e9 avaliando os Objetivos de Desenvolvimento Sustent\u00e1vel (ODS):<center><a href=\"https:\/\/brasil.un.org\/pt-br\/sdgs\" target=\"_blank\" rel=\"noopener\"><img loading=\"lazy\" decoding=\"async\" class=\"aligncenter wp-image-531 size-full\" src=\"https:\/\/pesquisadoacaobrasil.org.br\/2020\/wp-content\/uploads\/2021\/08\/ods-objetivos-sustentaveis-1-1-e1629496998964.jpeg\" alt=\"ODS - Objetivos de Desenvolvimento Sustent\u00e1vel\" width=\"1000\" height=\"512\" srcset=\"https:\/\/pesquisadoacaobrasil.org.br\/2020\/wp-content\/uploads\/2021\/08\/ods-objetivos-sustentaveis-1-1-e1629496998964.jpeg 1000w, https:\/\/pesquisadoacaobrasil.org.br\/2020\/wp-content\/uploads\/2021\/08\/ods-objetivos-sustentaveis-1-1-e1629496998964-300x154.jpeg 300w, https:\/\/pesquisadoacaobrasil.org.br\/2020\/wp-content\/uploads\/2021\/08\/ods-objetivos-sustentaveis-1-1-e1629496998964-768x393.jpeg 768w\" sizes=\"auto, (max-width: 1000px) 100vw, 1000px\" \/><\/a><\/center><\/p>\n"},{"title":"Defina como apoiar","text":"<p>A colabora\u00e7\u00e3o financeira \u00e9, geralmente, a principal fonte de sustento das organiza\u00e7\u00f5es da sociedade civil sem fins lucrativos.<\/p>\n<p>Mas muitas entidades contam com a doa\u00e7\u00e3o de tempo, atrav\u00e9s do trabalho volunt\u00e1rio, bem como de doa\u00e7\u00e3o de bens (novos e usados), material escolar, alimentos, sangue, medicamentos, etc.<\/p>\n"},{"title":"Escolha a organiza\u00e7\u00e3o que vai receber sua doa\u00e7\u00e3o","text":"<p>Talvez voc\u00ea j\u00e1 conhe\u00e7a uma organiza\u00e7\u00e3o que trabalha pela causa que voc\u00ea abra\u00e7ou. Agora \u00e9 preciso saber se ela necessita de apoio na forma em que voc\u00ea quer prestar. Busque mais informa\u00e7\u00f5es sobre esta organiza\u00e7\u00e3o com amigos, conhecidos, pela internet e, se poss\u00edvel, v\u00e1 visit\u00e1-la e conhecer de perto o seu trabalho.<\/p>\n<p>Talvez ainda n\u00e3o conhe\u00e7a nenhuma organiza\u00e7\u00e3o que trabalha pela causa que voc\u00ea abra\u00e7ou. Se voc\u00ea fez o teste Descubra Sua Causa, deve ter visto que aparecem organiza\u00e7\u00f5es sociais voltadas para as causas do resultado do teste. Todas as organiza\u00e7\u00f5es listadas no Descubra Sua Causa foram validadas pelo IDIS, ent\u00e3o \u00e9 s\u00f3 clicar l\u00e1 e fazer sua doa\u00e7\u00e3o, seja ela de dinheiro, tempo ou bens.<\/p>\n<p>Mas se voc\u00ea n\u00e3o quer fazer o Descubra Sua Causa, ou n\u00e3o gostou das organiza\u00e7\u00f5es sugeridas, voc\u00ea pode pedir indica\u00e7\u00f5es a amigos ou pesquisar na internet. Existem muitas plataformas de doa\u00e7\u00e3o e listas de ONGs para serem consultadas. Quando voc\u00ea encontrar uma ONG, fa\u00e7a algumas verifica\u00e7\u00f5es antes de realizar a doa\u00e7\u00e3o. Para facilitar, o IDIS fez uma lista com verifica\u00e7\u00f5es sugeridas.<\/p>\n"},{"title":"Doe","text":"<p>Fa\u00e7a sua doa\u00e7\u00e3o e depois divulgue para seus amigos, familiares, colegas de trabalho e aumente essa rede de doadores!<\/p>\n"},{"title":"Acompanhe os resultados","text":"<p>Procure conhecer os resultados pelos canais de comunica\u00e7\u00e3o da organiza\u00e7\u00e3o apoiada:<br \/>\n\u2022 Site<br \/>\n\u2022 M\u00eddias Sociais<br \/>\n\u2022 Newsletter<br \/>\n\u2022 Relat\u00f3rio Anual<\/p>\n"}],"form_newsletter":{"title":"Fique por dentro das novidades!","text":"Cadastre-se e receba novidades sobre a pesquisa e conte\u00fados sobre cultura de doa\u00e7\u00e3o.","label":"Tamb\u00e9m quero receber o InVista Social, a newsletter mensal do IDIS","placeholder":"E-mail","submit":"Receber aviso"}},"_links":{"self":[{"href":"https:\/\/pesquisadoacaobrasil.org.br\/2020\/wp-json\/wp\/v2\/pages\/33","targetHints":{"allow":["GET"]}}],"collection":[{"href":"https:\/\/pesquisadoacaobrasil.org.br\/2020\/wp-json\/wp\/v2\/pages"}],"about":[{"href":"https:\/\/pesquisadoacaobrasil.org.br\/2020\/wp-json\/wp\/v2\/types\/page"}],"author":[{"embeddable":true,"href":"https:\/\/pesquisadoacaobrasil.org.br\/2020\/wp-json\/wp\/v2\/users\/1"}],"replies":[{"embeddable":true,"href":"https:\/\/pesquisadoacaobrasil.org.br\/2020\/wp-json\/wp\/v2\/comments?post=33"}],"version-history":[{"count":16,"href":"https:\/\/pesquisadoacaobrasil.org.br\/2020\/wp-json\/wp\/v2\/pages\/33\/revisions"}],"predecessor-version":[{"id":625,"href":"https:\/\/pesquisadoacaobrasil.org.br\/2020\/wp-json\/wp\/v2\/pages\/33\/revisions\/625"}],"wp:attachment":[{"href":"https:\/\/pesquisadoacaobrasil.org.br\/2020\/wp-json\/wp\/v2\/media?parent=33"}],"curies":[{"name":"wp","href":"https:\/\/api.w.org\/{rel}","templated":true}]}}