{"id":457,"date":"2021-08-17T14:13:23","date_gmt":"2021-08-17T17:13:23","guid":{"rendered":"https:\/\/pesquisadoacaobrasil.org.br\/2020\/?page_id=457"},"modified":"2021-09-23T16:07:11","modified_gmt":"2021-09-23T19:07:11","slug":"destaques","status":"publish","type":"page","link":"https:\/\/pesquisadoacaobrasil.org.br\/2020\/destaques\/","title":{"rendered":"Destaques"},"content":{"rendered":"<p>A Pesquisa Doa\u00e7\u00e3o Brasil 2020 tra\u00e7a um amplo perfil do doador individual brasileiro e apresenta as caracter\u00edsticas das doa\u00e7\u00f5es, frequ\u00eancia, benefici\u00e1rios e, sobretudo, estima o montante total doado. Aborda tamb\u00e9m informa\u00e7\u00f5es sobre os n\u00e3o doadores e o que poderia faz\u00ea-los mudar de postura.<\/p>\n<p>Conhe\u00e7a aqui os principais destaques da segunda edi\u00e7\u00e3o da Pesquisa Doa\u00e7\u00e3o Brasil e a compara\u00e7\u00e3o com os achados de 2015.<\/p>\n<p>&nbsp;<\/p>\n<h2>A pr\u00e1tica da doa\u00e7\u00e3o cai no Brasil<\/h2>\n<p>Entre 2015 e 2020, o percentual de doadores de todos os tipos (dinheiro, bens e trabalho volunt\u00e1rio) caiu. A este fato, atribu\u00edmos \u00e0 prolongada crise social e econ\u00f4mica enfrentada no Brasil nesse per\u00edodo. Enquanto em 2015, 77% da popula\u00e7\u00e3o havia feito algum tipo de doa\u00e7\u00e3o, em 2020, o percentual ficou em 66%. Quando se trata de doa\u00e7\u00e3o em dinheiro, a propor\u00e7\u00e3o caiu de 52% para 41%. E no caso de doa\u00e7\u00f5es para organiza\u00e7\u00f5es\/iniciativas socioambientais, a redu\u00e7\u00e3o foi de 46% para 37%.<\/p>\n<p><center><img loading=\"lazy\" decoding=\"async\" class=\"aligncenter wp-image-612\" src=\"https:\/\/pesquisadoacaobrasil.org.br\/2020\/wp-content\/uploads\/2021\/08\/PDB_Destaque-01.png\" alt=\"\" width=\"800\" height=\"519\" srcset=\"https:\/\/pesquisadoacaobrasil.org.br\/2020\/wp-content\/uploads\/2021\/08\/PDB_Destaque-01.png 1080w, https:\/\/pesquisadoacaobrasil.org.br\/2020\/wp-content\/uploads\/2021\/08\/PDB_Destaque-01-300x194.png 300w, https:\/\/pesquisadoacaobrasil.org.br\/2020\/wp-content\/uploads\/2021\/08\/PDB_Destaque-01-1024x664.png 1024w, https:\/\/pesquisadoacaobrasil.org.br\/2020\/wp-content\/uploads\/2021\/08\/PDB_Destaque-01-768x498.png 768w\" sizes=\"auto, (max-width: 800px) 100vw, 800px\" \/><\/center><\/p>\n<h2><\/h2>\n<h2>Cresce o engajamento das classes mais favorecidas<\/h2>\n<p>A doa\u00e7\u00e3o de dinheiro para organiza\u00e7\u00f5es\/iniciativas socioambientais encolheu muito entre as classes menos favorecidas (de 32% para 25% entre 2015 e 2020, na faixa com renda familiar at\u00e9 2 sal\u00e1rios m\u00ednimos) e cresceu significativamente entre as classes com mais alta renda (de 51% para 58%, nas classes com renda familiar entre 6 e 8 sal\u00e1rios m\u00ednimos, e de 55% para 59% entre as classes com renda familiar acima de 8 sal\u00e1rios m\u00ednimos). Essas classes doaram mais em 2020 do que haviam feito em 2015.<\/p>\n<p>&nbsp;<\/p>\n<h2>R$ 10,3 bilh\u00f5es foi o volume total doado em 2020<\/h2>\n<p>Em 2020, menos brasileiros doaram a organiza\u00e7\u00f5es da sociedade civil e o valor doado caiu. Em 2015, a mediana* do valor anual doado por pessoa era de R$ 240 e em 2020, caiu para R$ 200.<br \/>\n(*) A mediana \u00e9 preferida para estimar o valor total doado porque ela considera os valores mais praticados pela sociedade e despreza os valores extremos, ou seja, as doa\u00e7\u00f5es muito altas ou muito baixas, que deturpam a m\u00e9dia.<\/p>\n<p>Essa redu\u00e7\u00e3o teve forte impacto sobre o montante total das doa\u00e7\u00f5es. Em 2015, o valor total doado pelos indiv\u00edduos foi de R$ 13,7 bilh\u00f5es, o que correspondia a 0,23% do PIB. Em 2020, somou R$ 10,3 bilh\u00f5es, equivalentes a 0,14% do PIB desse ano.<\/p>\n<p>&nbsp;<\/p>\n<h2>Novas causas, novas preocupa\u00e7\u00f5es<\/h2>\n<p>O efeito da pandemia mudou as prioridades dos brasileiros quando se trata de causas. Enquanto em 2015 Sa\u00fade e Crian\u00e7as ocupavam os primeiros lugares na prefer\u00eancia, em 2020, o Combate \u00e0 Fome e \u00e0 Pobreza foi citado por 43% da popula\u00e7\u00e3o como sendo a causa mais sensibilizadora, seguida por Crian\u00e7as, Sa\u00fade e Idosos.<\/p>\n<p>Duas outras causas tamb\u00e9m ganharam muitos adeptos nos \u00faltimos cinco anos &#8211; o Combate ao Abandono e Maus-tratos de Animais, e os Moradores de Rua. Ambas haviam pontuado muito pouco em 2015, mas aparecem no ranking de 2020, em quinto e sexto lugar, respectivamente.<\/p>\n<p>&nbsp;<\/p>\n<h2>A doa\u00e7\u00e3o \u00e9 vista como importante e transformadora<\/h2>\n<p>Apesar do encolhimento na pr\u00e1tica, a popula\u00e7\u00e3o brasileira v\u00ea de forma cada vez mais positiva a doa\u00e7\u00e3o. Mais de 80% da sociedade acredita que o ato de doar faz diferen\u00e7a, e entre os n\u00e3o doadores, essa concord\u00e2ncia atinge 75%.<\/p>\n<p>O conceito de que a doa\u00e7\u00e3o faz bem para o doador cresceu significativamente, de 81% para 91% da popula\u00e7\u00e3o, atingindo uma maioria quase absoluta. Outro aspecto positivo \u00e9 que a ideia de que o doador n\u00e3o deve falar que faz doa\u00e7\u00f5es est\u00e1 perdendo for\u00e7a. Em 2015, ela contava com a concord\u00e2ncia de 84% da popula\u00e7\u00e3o e, em 2020, o percentual caiu para 69%. Este \u00e9 um ponto especialmente importante porque o falar sobre a doa\u00e7\u00e3o estimula sua pr\u00e1tica, traz inspira\u00e7\u00e3o, esclarece temores e desperta o interesse de outras pessoas.<\/p>\n<p>&nbsp;<\/p>\n<h2>Mais brasileiros confiam nas ONGs e as consideram necess\u00e1rias para solucionar os problemas sociais e ambientais<\/h2>\n<p>A opini\u00e3o dos brasileiros sobre as organiza\u00e7\u00f5es da sociedade civil, mais conhecidas como ONGs, evoluiu muito nos \u00faltimos cinco anos. A no\u00e7\u00e3o de que as ONGs s\u00e3o necess\u00e1rias no combate aos problemas socioambientais recebe a ades\u00e3o de 74% da popula\u00e7\u00e3o, enquanto em 2015, essa concord\u00e2ncia estava em 57%.<\/p>\n<p>A afirma\u00e7\u00e3o \u2018Percebo que a a\u00e7\u00e3o das ONGs leva benef\u00edcios a quem realmente precisa\u2019 conta com a concord\u00e2ncia de 67% da popula\u00e7\u00e3o, e em 2015, esse \u00edndice era de 47%. O reconhecimento de que as ONGs fazem um trabalho competente \u00e9 indicado por 60% da popula\u00e7\u00e3o, e em 2015, s\u00f3 44% pensavam desse modo.<\/p>\n<p>O maior destaque, por\u00e9m, fica com o crescimento da confian\u00e7a nas ONGs. 45% da popula\u00e7\u00e3o concorda que as ONGs deixam claro o que fazem com os recursos que aplicam. Em 2015, apenas 28% se mostravam de acordo com a afirma\u00e7\u00e3o.<\/p>\n<p>&nbsp;<\/p>\n<h2>Navegue pelos gr\u00e1ficos e conhe\u00e7a os resultados completos da Pesquisa Doa\u00e7\u00e3o Brasil 2020<\/h2>\n<p><center><a class=\"button\" href=\"..\/resultados\">Ver resultados da pesquisa<\/a><\/center><\/p>\n","protected":false},"excerpt":{"rendered":"<p>A Pesquisa Doa\u00e7\u00e3o Brasil 2020 tra\u00e7a um amplo perfil do doador individual brasileiro e apresenta as caracter\u00edsticas das doa\u00e7\u00f5es, frequ\u00eancia, benefici\u00e1rios e, sobretudo, estima o montante total doado. Aborda tamb\u00e9m informa\u00e7\u00f5es sobre os n\u00e3o doadores e o que poderia faz\u00ea-los mudar de postura. Conhe\u00e7a aqui os principais destaques da segunda edi\u00e7\u00e3o da Pesquisa Doa\u00e7\u00e3o Brasil [&hellip;]<\/p>\n","protected":false},"author":1,"featured_media":0,"parent":0,"menu_order":0,"comment_status":"closed","ping_status":"closed","template":"page-templates\/destaque.php","meta":{"footnotes":""},"class_list":["post-457","page","type-page","status-publish","hentry"],"yoast_head":"<!-- This site is optimized with the Yoast SEO plugin v20.10 - https:\/\/yoast.com\/wordpress\/plugins\/seo\/ -->\n<title>Destaques - Pesquisa Doa\u00e7\u00e3o Brasil 2020 - IDIS<\/title>\n<meta name=\"robots\" content=\"index, follow, max-snippet:-1, max-image-preview:large, max-video-preview:-1\" \/>\n<link rel=\"canonical\" href=\"https:\/\/pesquisadoacaobrasil.org.br\/2020\/destaques\/\" \/>\n<meta property=\"og:locale\" content=\"pt_BR\" \/>\n<meta property=\"og:type\" content=\"article\" \/>\n<meta property=\"og:title\" content=\"Destaques - Pesquisa Doa\u00e7\u00e3o Brasil 2020 - IDIS\" \/>\n<meta property=\"og:description\" content=\"A Pesquisa Doa\u00e7\u00e3o Brasil 2020 tra\u00e7a um amplo perfil do doador individual brasileiro e apresenta as caracter\u00edsticas das doa\u00e7\u00f5es, frequ\u00eancia, benefici\u00e1rios e, sobretudo, estima o montante total doado. Aborda tamb\u00e9m informa\u00e7\u00f5es sobre os n\u00e3o doadores e o que poderia faz\u00ea-los mudar de postura. Conhe\u00e7a aqui os principais destaques da segunda edi\u00e7\u00e3o da Pesquisa Doa\u00e7\u00e3o Brasil [&hellip;]\" \/>\n<meta property=\"og:url\" content=\"https:\/\/pesquisadoacaobrasil.org.br\/2020\/destaques\/\" \/>\n<meta property=\"og:site_name\" content=\"Pesquisa Doa\u00e7\u00e3o Brasil 2020 - IDIS\" \/>\n<meta property=\"article:modified_time\" content=\"2021-09-23T19:07:11+00:00\" \/>\n<meta property=\"og:image\" content=\"https:\/\/pesquisadoacaobrasil.org.br\/2020\/wp-content\/uploads\/2021\/08\/PDB_Destaque-01.png\" \/>\n<meta name=\"twitter:card\" content=\"summary_large_image\" \/>\n<meta name=\"twitter:label1\" content=\"Est. tempo de leitura\" \/>\n\t<meta name=\"twitter:data1\" content=\"4 minutos\" \/>\n<script type=\"application\/ld+json\" class=\"yoast-schema-graph\">{\"@context\":\"https:\/\/schema.org\",\"@graph\":[{\"@type\":\"WebPage\",\"@id\":\"https:\/\/pesquisadoacaobrasil.org.br\/2020\/destaques\/\",\"url\":\"https:\/\/pesquisadoacaobrasil.org.br\/2020\/destaques\/\",\"name\":\"Destaques - Pesquisa Doa\u00e7\u00e3o Brasil 2020 - IDIS\",\"isPartOf\":{\"@id\":\"https:\/\/pesquisadoacaobrasil.org.br\/2020\/#website\"},\"datePublished\":\"2021-08-17T17:13:23+00:00\",\"dateModified\":\"2021-09-23T19:07:11+00:00\",\"inLanguage\":\"pt-BR\",\"potentialAction\":[{\"@type\":\"ReadAction\",\"target\":[\"https:\/\/pesquisadoacaobrasil.org.br\/2020\/destaques\/\"]}]},{\"@type\":\"WebSite\",\"@id\":\"https:\/\/pesquisadoacaobrasil.org.br\/2020\/#website\",\"url\":\"https:\/\/pesquisadoacaobrasil.org.br\/2020\/\",\"name\":\"Pesquisa Doa\u00e7\u00e3o Brasil 2020 - IDIS\",\"description\":\"\",\"publisher\":{\"@id\":\"https:\/\/pesquisadoacaobrasil.org.br\/2020\/#organization\"},\"potentialAction\":[{\"@type\":\"SearchAction\",\"target\":{\"@type\":\"EntryPoint\",\"urlTemplate\":\"https:\/\/pesquisadoacaobrasil.org.br\/2020\/?s={search_term_string}\"},\"query-input\":\"required name=search_term_string\"}],\"inLanguage\":\"pt-BR\"},{\"@type\":\"Organization\",\"@id\":\"https:\/\/pesquisadoacaobrasil.org.br\/2020\/#organization\",\"name\":\"Pesquisa Doa\u00e7\u00e3o Brasil 2020 - IDIS\",\"url\":\"https:\/\/pesquisadoacaobrasil.org.br\/2020\/\",\"logo\":{\"@type\":\"ImageObject\",\"inLanguage\":\"pt-BR\",\"@id\":\"https:\/\/pesquisadoacaobrasil.org.br\/2020\/#\/schema\/logo\/image\/\",\"url\":\"https:\/\/pesquisadoacaobrasil.org.br\/2020\/wp-content\/uploads\/2021\/05\/logo.svg\",\"contentUrl\":\"https:\/\/pesquisadoacaobrasil.org.br\/2020\/wp-content\/uploads\/2021\/05\/logo.svg\",\"caption\":\"Pesquisa Doa\u00e7\u00e3o Brasil 2020 - IDIS\"},\"image\":{\"@id\":\"https:\/\/pesquisadoacaobrasil.org.br\/2020\/#\/schema\/logo\/image\/\"}}]}<\/script>\n<!-- \/ Yoast SEO plugin. -->","yoast_head_json":{"title":"Destaques - Pesquisa Doa\u00e7\u00e3o Brasil 2020 - IDIS","robots":{"index":"index","follow":"follow","max-snippet":"max-snippet:-1","max-image-preview":"max-image-preview:large","max-video-preview":"max-video-preview:-1"},"canonical":"https:\/\/pesquisadoacaobrasil.org.br\/2020\/destaques\/","og_locale":"pt_BR","og_type":"article","og_title":"Destaques - Pesquisa Doa\u00e7\u00e3o Brasil 2020 - IDIS","og_description":"A Pesquisa Doa\u00e7\u00e3o Brasil 2020 tra\u00e7a um amplo perfil do doador individual brasileiro e apresenta as caracter\u00edsticas das doa\u00e7\u00f5es, frequ\u00eancia, benefici\u00e1rios e, sobretudo, estima o montante total doado. Aborda tamb\u00e9m informa\u00e7\u00f5es sobre os n\u00e3o doadores e o que poderia faz\u00ea-los mudar de postura. Conhe\u00e7a aqui os principais destaques da segunda edi\u00e7\u00e3o da Pesquisa Doa\u00e7\u00e3o Brasil [&hellip;]","og_url":"https:\/\/pesquisadoacaobrasil.org.br\/2020\/destaques\/","og_site_name":"Pesquisa Doa\u00e7\u00e3o Brasil 2020 - IDIS","article_modified_time":"2021-09-23T19:07:11+00:00","og_image":[{"url":"https:\/\/pesquisadoacaobrasil.org.br\/2020\/wp-content\/uploads\/2021\/08\/PDB_Destaque-01.png"}],"twitter_card":"summary_large_image","twitter_misc":{"Est. tempo de leitura":"4 minutos"},"schema":{"@context":"https:\/\/schema.org","@graph":[{"@type":"WebPage","@id":"https:\/\/pesquisadoacaobrasil.org.br\/2020\/destaques\/","url":"https:\/\/pesquisadoacaobrasil.org.br\/2020\/destaques\/","name":"Destaques - Pesquisa Doa\u00e7\u00e3o Brasil 2020 - IDIS","isPartOf":{"@id":"https:\/\/pesquisadoacaobrasil.org.br\/2020\/#website"},"datePublished":"2021-08-17T17:13:23+00:00","dateModified":"2021-09-23T19:07:11+00:00","inLanguage":"pt-BR","potentialAction":[{"@type":"ReadAction","target":["https:\/\/pesquisadoacaobrasil.org.br\/2020\/destaques\/"]}]},{"@type":"WebSite","@id":"https:\/\/pesquisadoacaobrasil.org.br\/2020\/#website","url":"https:\/\/pesquisadoacaobrasil.org.br\/2020\/","name":"Pesquisa Doa\u00e7\u00e3o Brasil 2020 - IDIS","description":"","publisher":{"@id":"https:\/\/pesquisadoacaobrasil.org.br\/2020\/#organization"},"potentialAction":[{"@type":"SearchAction","target":{"@type":"EntryPoint","urlTemplate":"https:\/\/pesquisadoacaobrasil.org.br\/2020\/?s={search_term_string}"},"query-input":"required name=search_term_string"}],"inLanguage":"pt-BR"},{"@type":"Organization","@id":"https:\/\/pesquisadoacaobrasil.org.br\/2020\/#organization","name":"Pesquisa Doa\u00e7\u00e3o Brasil 2020 - IDIS","url":"https:\/\/pesquisadoacaobrasil.org.br\/2020\/","logo":{"@type":"ImageObject","inLanguage":"pt-BR","@id":"https:\/\/pesquisadoacaobrasil.org.br\/2020\/#\/schema\/logo\/image\/","url":"https:\/\/pesquisadoacaobrasil.org.br\/2020\/wp-content\/uploads\/2021\/05\/logo.svg","contentUrl":"https:\/\/pesquisadoacaobrasil.org.br\/2020\/wp-content\/uploads\/2021\/05\/logo.svg","caption":"Pesquisa Doa\u00e7\u00e3o Brasil 2020 - IDIS"},"image":{"@id":"https:\/\/pesquisadoacaobrasil.org.br\/2020\/#\/schema\/logo\/image\/"}}]}},"acf":{"form_newsletter":{"title":"Fique por dentro das novidades!","text":"Cadastre-se e receba novidades sobre a pesquisa e conte\u00fados sobre cultura de doa\u00e7\u00e3o.","label":"Tamb\u00e9m quero receber o InVista Social, a newsletter mensal do IDIS","placeholder":"E-mail","submit":"Receber aviso"}},"_links":{"self":[{"href":"https:\/\/pesquisadoacaobrasil.org.br\/2020\/wp-json\/wp\/v2\/pages\/457","targetHints":{"allow":["GET"]}}],"collection":[{"href":"https:\/\/pesquisadoacaobrasil.org.br\/2020\/wp-json\/wp\/v2\/pages"}],"about":[{"href":"https:\/\/pesquisadoacaobrasil.org.br\/2020\/wp-json\/wp\/v2\/types\/page"}],"author":[{"embeddable":true,"href":"https:\/\/pesquisadoacaobrasil.org.br\/2020\/wp-json\/wp\/v2\/users\/1"}],"replies":[{"embeddable":true,"href":"https:\/\/pesquisadoacaobrasil.org.br\/2020\/wp-json\/wp\/v2\/comments?post=457"}],"version-history":[{"count":19,"href":"https:\/\/pesquisadoacaobrasil.org.br\/2020\/wp-json\/wp\/v2\/pages\/457\/revisions"}],"predecessor-version":[{"id":692,"href":"https:\/\/pesquisadoacaobrasil.org.br\/2020\/wp-json\/wp\/v2\/pages\/457\/revisions\/692"}],"wp:attachment":[{"href":"https:\/\/pesquisadoacaobrasil.org.br\/2020\/wp-json\/wp\/v2\/media?parent=457"}],"curies":[{"name":"wp","href":"https:\/\/api.w.org\/{rel}","templated":true}]}}