{"id":18,"date":"2021-05-17T01:59:45","date_gmt":"2021-05-17T04:59:45","guid":{"rendered":"https:\/\/pesquisadoacaobrasil.org.br\/?page_id=18"},"modified":"2024-09-26T10:07:29","modified_gmt":"2024-09-26T13:07:29","slug":"historico","status":"publish","type":"page","link":"https:\/\/pesquisadoacaobrasil.org.br\/2022\/historico\/","title":{"rendered":"Hist\u00f3rico"},"content":{"rendered":"","protected":false},"excerpt":{"rendered":"","protected":false},"author":1,"featured_media":0,"parent":0,"menu_order":0,"comment_status":"closed","ping_status":"closed","template":"page-templates\/historico.php","meta":{"footnotes":""},"class_list":["post-18","page","type-page","status-publish","hentry"],"yoast_head":"<!-- This site is optimized with the Yoast SEO plugin v21.3 - https:\/\/yoast.com\/wordpress\/plugins\/seo\/ -->\n<title>Hist\u00f3rico - Pesquisa Doa\u00e7\u00e3o Brasil - IDIS<\/title>\n<meta name=\"robots\" content=\"index, follow, max-snippet:-1, max-image-preview:large, max-video-preview:-1\" \/>\n<link rel=\"canonical\" href=\"https:\/\/pesquisadoacaobrasil.org.br\/2022\/historico\/\" \/>\n<meta property=\"og:locale\" content=\"pt_BR\" \/>\n<meta property=\"og:type\" content=\"article\" \/>\n<meta property=\"og:title\" content=\"Pesquisa Doa\u00e7\u00e3o Brasil 2020\" \/>\n<meta property=\"og:description\" content=\"A pesquisa que mostra como pensam e se comportam os doadores brasileiros (e os n\u00e3o doadores tamb\u00e9m). Visite para saber mais.\" \/>\n<meta property=\"og:url\" content=\"https:\/\/pesquisadoacaobrasil.org.br\/2022\/historico\/\" \/>\n<meta property=\"og:site_name\" content=\"Pesquisa Doa\u00e7\u00e3o Brasil - IDIS\" \/>\n<meta property=\"article:modified_time\" content=\"2024-09-26T13:07:29+00:00\" \/>\n<meta property=\"og:image\" content=\"https:\/\/pesquisadoacaobrasil.org.br\/2022\/wp-content\/uploads\/2021\/08\/share-pesquisa-doacao-2020.png\" \/>\n\t<meta property=\"og:image:width\" content=\"1083\" \/>\n\t<meta property=\"og:image:height\" content=\"608\" \/>\n\t<meta property=\"og:image:type\" content=\"image\/png\" \/>\n<meta name=\"twitter:card\" content=\"summary_large_image\" \/>\n<meta name=\"twitter:title\" content=\"Pesquisa Doa\u00e7\u00e3o Brasil 2020\" \/>\n<meta name=\"twitter:description\" content=\"A pesquisa que mostra como pensam e se comportam os doadores brasileiros (e os n\u00e3o doadores tamb\u00e9m). Visite para saber mais.\" \/>\n<meta name=\"twitter:image\" content=\"https:\/\/pesquisadoacaobrasil.org.br\/2022\/wp-content\/uploads\/2021\/08\/share-pesquisa-doacao-2020.png\" \/>\n<script type=\"application\/ld+json\" class=\"yoast-schema-graph\">{\"@context\":\"https:\/\/schema.org\",\"@graph\":[{\"@type\":\"WebPage\",\"@id\":\"https:\/\/pesquisadoacaobrasil.org.br\/2022\/historico\/\",\"url\":\"https:\/\/pesquisadoacaobrasil.org.br\/2022\/historico\/\",\"name\":\"Hist\u00f3rico - Pesquisa Doa\u00e7\u00e3o Brasil - IDIS\",\"isPartOf\":{\"@id\":\"https:\/\/pesquisadoacaobrasil.org.br\/2022\/#website\"},\"datePublished\":\"2021-05-17T04:59:45+00:00\",\"dateModified\":\"2024-09-26T13:07:29+00:00\",\"inLanguage\":\"pt-BR\",\"potentialAction\":[{\"@type\":\"ReadAction\",\"target\":[\"https:\/\/pesquisadoacaobrasil.org.br\/2022\/historico\/\"]}]},{\"@type\":\"WebSite\",\"@id\":\"https:\/\/pesquisadoacaobrasil.org.br\/2022\/#website\",\"url\":\"https:\/\/pesquisadoacaobrasil.org.br\/2022\/\",\"name\":\"Pesquisa Doa\u00e7\u00e3o Brasil - IDIS\",\"description\":\"\",\"publisher\":{\"@id\":\"https:\/\/pesquisadoacaobrasil.org.br\/2022\/#organization\"},\"potentialAction\":[{\"@type\":\"SearchAction\",\"target\":{\"@type\":\"EntryPoint\",\"urlTemplate\":\"https:\/\/pesquisadoacaobrasil.org.br\/2022\/?s={search_term_string}\"},\"query-input\":\"required name=search_term_string\"}],\"inLanguage\":\"pt-BR\"},{\"@type\":\"Organization\",\"@id\":\"https:\/\/pesquisadoacaobrasil.org.br\/2022\/#organization\",\"name\":\"Pesquisa Doa\u00e7\u00e3o Brasil - IDIS\",\"url\":\"https:\/\/pesquisadoacaobrasil.org.br\/2022\/\",\"logo\":{\"@type\":\"ImageObject\",\"inLanguage\":\"pt-BR\",\"@id\":\"https:\/\/pesquisadoacaobrasil.org.br\/2022\/#\/schema\/logo\/image\/\",\"url\":\"https:\/\/pesquisadoacaobrasil.org.br\/2022\/wp-content\/uploads\/2023\/07\/Group-641.svg\",\"contentUrl\":\"https:\/\/pesquisadoacaobrasil.org.br\/2022\/wp-content\/uploads\/2023\/07\/Group-641.svg\",\"caption\":\"Pesquisa Doa\u00e7\u00e3o Brasil - IDIS\"},\"image\":{\"@id\":\"https:\/\/pesquisadoacaobrasil.org.br\/2022\/#\/schema\/logo\/image\/\"}}]}<\/script>\n<!-- \/ Yoast SEO plugin. -->","yoast_head_json":{"title":"Hist\u00f3rico - Pesquisa Doa\u00e7\u00e3o Brasil - IDIS","robots":{"index":"index","follow":"follow","max-snippet":"max-snippet:-1","max-image-preview":"max-image-preview:large","max-video-preview":"max-video-preview:-1"},"canonical":"https:\/\/pesquisadoacaobrasil.org.br\/2022\/historico\/","og_locale":"pt_BR","og_type":"article","og_title":"Pesquisa Doa\u00e7\u00e3o Brasil 2020","og_description":"A pesquisa que mostra como pensam e se comportam os doadores brasileiros (e os n\u00e3o doadores tamb\u00e9m). Visite para saber mais.","og_url":"https:\/\/pesquisadoacaobrasil.org.br\/2022\/historico\/","og_site_name":"Pesquisa Doa\u00e7\u00e3o Brasil - IDIS","article_modified_time":"2024-09-26T13:07:29+00:00","og_image":[{"width":1083,"height":608,"url":"https:\/\/pesquisadoacaobrasil.org.br\/2022\/wp-content\/uploads\/2021\/08\/share-pesquisa-doacao-2020.png","type":"image\/png"}],"twitter_card":"summary_large_image","twitter_title":"Pesquisa Doa\u00e7\u00e3o Brasil 2020","twitter_description":"A pesquisa que mostra como pensam e se comportam os doadores brasileiros (e os n\u00e3o doadores tamb\u00e9m). Visite para saber mais.","twitter_image":"https:\/\/pesquisadoacaobrasil.org.br\/2022\/wp-content\/uploads\/2021\/08\/share-pesquisa-doacao-2020.png","schema":{"@context":"https:\/\/schema.org","@graph":[{"@type":"WebPage","@id":"https:\/\/pesquisadoacaobrasil.org.br\/2022\/historico\/","url":"https:\/\/pesquisadoacaobrasil.org.br\/2022\/historico\/","name":"Hist\u00f3rico - Pesquisa Doa\u00e7\u00e3o Brasil - IDIS","isPartOf":{"@id":"https:\/\/pesquisadoacaobrasil.org.br\/2022\/#website"},"datePublished":"2021-05-17T04:59:45+00:00","dateModified":"2024-09-26T13:07:29+00:00","inLanguage":"pt-BR","potentialAction":[{"@type":"ReadAction","target":["https:\/\/pesquisadoacaobrasil.org.br\/2022\/historico\/"]}]},{"@type":"WebSite","@id":"https:\/\/pesquisadoacaobrasil.org.br\/2022\/#website","url":"https:\/\/pesquisadoacaobrasil.org.br\/2022\/","name":"Pesquisa Doa\u00e7\u00e3o Brasil - IDIS","description":"","publisher":{"@id":"https:\/\/pesquisadoacaobrasil.org.br\/2022\/#organization"},"potentialAction":[{"@type":"SearchAction","target":{"@type":"EntryPoint","urlTemplate":"https:\/\/pesquisadoacaobrasil.org.br\/2022\/?s={search_term_string}"},"query-input":"required name=search_term_string"}],"inLanguage":"pt-BR"},{"@type":"Organization","@id":"https:\/\/pesquisadoacaobrasil.org.br\/2022\/#organization","name":"Pesquisa Doa\u00e7\u00e3o Brasil - IDIS","url":"https:\/\/pesquisadoacaobrasil.org.br\/2022\/","logo":{"@type":"ImageObject","inLanguage":"pt-BR","@id":"https:\/\/pesquisadoacaobrasil.org.br\/2022\/#\/schema\/logo\/image\/","url":"https:\/\/pesquisadoacaobrasil.org.br\/2022\/wp-content\/uploads\/2023\/07\/Group-641.svg","contentUrl":"https:\/\/pesquisadoacaobrasil.org.br\/2022\/wp-content\/uploads\/2023\/07\/Group-641.svg","caption":"Pesquisa Doa\u00e7\u00e3o Brasil - IDIS"},"image":{"@id":"https:\/\/pesquisadoacaobrasil.org.br\/2022\/#\/schema\/logo\/image\/"}}]}},"acf":{"history":{"title":"Hist\u00f3rico","text":"<p>A Pesquisa Doa\u00e7\u00e3o Brasil (PDB) tem por objetivo avaliar a percep\u00e7\u00e3o e a pr\u00e1tica de doa\u00e7\u00e3o pela popula\u00e7\u00e3o brasileira. Sua primeira edi\u00e7\u00e3o foi realizada em 2015, quando n\u00e3o havia disponibilidade de dados suficientes e confi\u00e1veis sobre o comportamento do doador individual, do cidad\u00e3o comum. Esse primeiro estudo foi feito pelo IDIS, com apoio t\u00e9cnico do Instituto de Pesquisa Gallup<\/p>\n<p>Os resultados da Pesquisa Doa\u00e7\u00e3o Brasil 2015 representaram uma revolu\u00e7\u00e3o na forma como a Cultura de Doa\u00e7\u00e3o era vista no Pa\u00eds, pois revelaram que quase a metade da popula\u00e7\u00e3o (46%) havia doado para organiza\u00e7\u00f5es sociais, em 2015, pelo menos uma vez. A pesquisa tamb\u00e9m mostrou que os valores doados eram baixos (entre R$ 240 e R$ 480 por ano), mas o montante total atingiu a cifra de R$ 13,7 bilh\u00f5es naquele ano. Mais do que todo o investimento social privado feito por empresas!<\/p>\n<p style=\"text-align: center;\"><a class=\"fasc-button fasc-size-large fasc-type-flat\" style=\"background-color: #35398e; color: #ffffff;\" target=\"_blank\" rel=\"noopener\" href=\"https:\/\/www.idis.org.br\/publicacoesidis\/pesquisa-doacao-brasil\/\">Conhe\u00e7a os resultados da Pesquisa Doa\u00e7\u00e3o Brasil 2015<\/a><\/p>\n<p>A segunda edi\u00e7\u00e3o da Pesquisa Doa\u00e7\u00e3o Brasil foi realizada, conforme previsto, cinco anos ap\u00f3s a primeira, isto \u00e9, em 2020 Ela, tamb\u00e9m foi coordenada pelo IDIS mas, dessa vez, foi conduzida pela Ipsos A segunda edi\u00e7\u00e3o coincidiu com a pandemia de Covid-19 e com o agravamento da crise socioecon\u00f4mica, j\u00e1 instalada no pa\u00eds desde a primeira edi\u00e7\u00e3o do estudo.<\/p>\n<p>Os pr\u00f3prios resultados da Pesquisa Doa\u00e7\u00e3o Brasil 2020 comprovaram o efeito dessa crise sobre a cultura de doa\u00e7\u00e3o do Pa\u00eds. Entre 2015 e 2020, o percentual de doadores de todos os tipos (dinheiro, bens e trabalho volunt\u00e1rio) caiu. Enquanto em 2015, 77% da popula\u00e7\u00e3o havia feito algum tipo de doa\u00e7\u00e3o, em 2020, o percentual ficou em 66%. Quando se trata de doa\u00e7\u00e3o em dinheiro, a propor\u00e7\u00e3o caiu de 52% para 41%. E no caso de doa\u00e7\u00f5es para organiza\u00e7\u00f5es\/iniciativas socioambientais, a redu\u00e7\u00e3o foi de 46% para 37%.<\/p>\n<p>A pandemia de Covid-19 encolheu as doa\u00e7\u00f5es, mas provocou uma melhora na forma como a popula\u00e7\u00e3o passou a enxergar a doa\u00e7\u00e3o. Em 2020, mais de 80% da sociedade acreditava que o ato de doar faz diferen\u00e7a, e entre os n\u00e3o doadores, essa concord\u00e2ncia atingia 75%.<\/p>\n<p style=\"text-align: center;\"><a class=\"fasc-button fasc-size-large fasc-type-flat\" style=\"background-color: #fec34e; color: #ffffff;\" target=\"_blank\" rel=\"noopener\" href=\"https:\/\/pesquisadoacaobrasil.org.br\/2020\">Conhe\u00e7a os resultados da Pesquisa Doa\u00e7\u00e3o Brasil 2020<\/a><\/p>\n<p>Esta terceira edi\u00e7\u00e3o chega passados apenas dois anos da medi\u00e7\u00e3o anterior e se prop\u00f5e, principalmente, a elucidar se os resultados de 2020 foram a resposta pontual a uma emerg\u00eancia at\u00edpica, ou se revelaram, de fato, uma tend\u00eancia mais consolidada na cultura de doa\u00e7\u00e3o dos brasileiros.<\/p>\n<p>Diferentemente das edi\u00e7\u00f5es anteriores, a Pesquisa Doa\u00e7\u00e3o Brasil 2022 traz, al\u00e9m dos dados gerais sobre a cultura de doa\u00e7\u00e3o no Brasil, um estudo tem\u00e1tico a partir de dados focados nos h\u00e1bitos e atitudes de doa\u00e7\u00e3o dos jovens da chamada \u2018Gera\u00e7\u00e3o Z\u2019, nascidos entre 1996 e 2004.<\/p>\n<p style=\"text-align: center;\"><a class=\"fasc-button fasc-size-large fasc-type-flat\" style=\"background-color: #ec663b; color: #ffffff;\" target=\"_blank\" rel=\"noopener\" href=\"https:\/\/pesquisadoacaobrasil.org.br\">Baixe a Pesquisa Doa\u00e7\u00e3o Brasil 2022 e conhe\u00e7a os resultados<\/a><\/p>\n<p style=\"text-align: center;\"><em>Para ter acesso \u00e0 <strong>base completa de dados<\/strong>, para uso acad\u00eamico, entre em contato com comunicacao@idis.org.br<\/em><\/p>\n<p>&nbsp;<\/p>\n"},"form_newsletter":{"title":"Fique por dentro das novidades!","text":"Cadastre-se e receba novidades sobre a pesquisa e conte\u00fados sobre cultura de doa\u00e7\u00e3o.","label":"Tamb\u00e9m quero receber o InVista Social, a newsletter mensal do IDIS","placeholder":"E-mail","placeholder_2":"E-mail","placeholder_3":"Organiza\u00e7\u00e3o","submit":"Receber aviso","arquivo_1":false,"arquivo_2":false,"arquivo_3":""}},"_links":{"self":[{"href":"https:\/\/pesquisadoacaobrasil.org.br\/2022\/wp-json\/wp\/v2\/pages\/18","targetHints":{"allow":["GET"]}}],"collection":[{"href":"https:\/\/pesquisadoacaobrasil.org.br\/2022\/wp-json\/wp\/v2\/pages"}],"about":[{"href":"https:\/\/pesquisadoacaobrasil.org.br\/2022\/wp-json\/wp\/v2\/types\/page"}],"author":[{"embeddable":true,"href":"https:\/\/pesquisadoacaobrasil.org.br\/2022\/wp-json\/wp\/v2\/users\/1"}],"replies":[{"embeddable":true,"href":"https:\/\/pesquisadoacaobrasil.org.br\/2022\/wp-json\/wp\/v2\/comments?post=18"}],"version-history":[{"count":2,"href":"https:\/\/pesquisadoacaobrasil.org.br\/2022\/wp-json\/wp\/v2\/pages\/18\/revisions"}],"predecessor-version":[{"id":2353,"href":"https:\/\/pesquisadoacaobrasil.org.br\/2022\/wp-json\/wp\/v2\/pages\/18\/revisions\/2353"}],"wp:attachment":[{"href":"https:\/\/pesquisadoacaobrasil.org.br\/2022\/wp-json\/wp\/v2\/media?parent=18"}],"curies":[{"name":"wp","href":"https:\/\/api.w.org\/{rel}","templated":true}]}}