{"id":21,"date":"2021-05-21T16:55:26","date_gmt":"2021-05-21T19:55:26","guid":{"rendered":"https:\/\/pesquisadoacaobrasil.org.br\/?page_id=21"},"modified":"2023-10-16T11:08:20","modified_gmt":"2023-10-16T14:08:20","slug":"resultados","status":"publish","type":"page","link":"https:\/\/pesquisadoacaobrasil.org.br\/2022\/resultados\/","title":{"rendered":"Resultados"},"content":{"rendered":"","protected":false},"excerpt":{"rendered":"","protected":false},"author":1,"featured_media":0,"parent":0,"menu_order":0,"comment_status":"closed","ping_status":"closed","template":"","meta":{"footnotes":""},"class_list":["post-21","page","type-page","status-publish","hentry"],"yoast_head":"<!-- This site is optimized with the Yoast SEO plugin v21.3 - https:\/\/yoast.com\/wordpress\/plugins\/seo\/ -->\n<title>Resultados - Pesquisa Doa\u00e7\u00e3o Brasil - IDIS<\/title>\n<meta name=\"robots\" content=\"index, follow, max-snippet:-1, max-image-preview:large, max-video-preview:-1\" \/>\n<link rel=\"canonical\" href=\"https:\/\/pesquisadoacaobrasil.org.br\/2022\/resultados\/\" \/>\n<meta property=\"og:locale\" content=\"pt_BR\" \/>\n<meta property=\"og:type\" content=\"article\" \/>\n<meta property=\"og:title\" content=\"Pesquisa Doa\u00e7\u00e3o Brasil 2020\" \/>\n<meta property=\"og:description\" content=\"A pesquisa que mostra como pensam e se comportam os doadores brasileiros (e os n\u00e3o doadores tamb\u00e9m). Visite para saber mais.\" \/>\n<meta property=\"og:url\" content=\"https:\/\/pesquisadoacaobrasil.org.br\/2022\/resultados\/\" \/>\n<meta property=\"og:site_name\" content=\"Pesquisa Doa\u00e7\u00e3o Brasil - IDIS\" \/>\n<meta property=\"article:modified_time\" content=\"2023-10-16T14:08:20+00:00\" \/>\n<meta property=\"og:image\" content=\"https:\/\/pesquisadoacaobrasil.org.br\/2022\/wp-content\/uploads\/2021\/08\/share-pesquisa-doacao-2020.png\" \/>\n\t<meta property=\"og:image:width\" content=\"1083\" \/>\n\t<meta property=\"og:image:height\" content=\"608\" \/>\n\t<meta property=\"og:image:type\" content=\"image\/png\" \/>\n<meta name=\"twitter:card\" content=\"summary_large_image\" \/>\n<meta name=\"twitter:title\" content=\"Pesquisa Doa\u00e7\u00e3o Brasil 2020\" \/>\n<meta name=\"twitter:description\" content=\"A pesquisa que mostra como pensam e se comportam os doadores brasileiros (e os n\u00e3o doadores tamb\u00e9m). Visite para saber mais.\" \/>\n<meta name=\"twitter:image\" content=\"https:\/\/pesquisadoacaobrasil.org.br\/2022\/wp-content\/uploads\/2021\/08\/share-pesquisa-doacao-2020.png\" \/>\n<script type=\"application\/ld+json\" class=\"yoast-schema-graph\">{\"@context\":\"https:\/\/schema.org\",\"@graph\":[{\"@type\":\"WebPage\",\"@id\":\"https:\/\/pesquisadoacaobrasil.org.br\/2022\/resultados\/\",\"url\":\"https:\/\/pesquisadoacaobrasil.org.br\/2022\/resultados\/\",\"name\":\"Resultados - Pesquisa Doa\u00e7\u00e3o Brasil - IDIS\",\"isPartOf\":{\"@id\":\"https:\/\/pesquisadoacaobrasil.org.br\/2022\/#website\"},\"datePublished\":\"2021-05-21T19:55:26+00:00\",\"dateModified\":\"2023-10-16T14:08:20+00:00\",\"inLanguage\":\"pt-BR\",\"potentialAction\":[{\"@type\":\"ReadAction\",\"target\":[\"https:\/\/pesquisadoacaobrasil.org.br\/2022\/resultados\/\"]}]},{\"@type\":\"WebSite\",\"@id\":\"https:\/\/pesquisadoacaobrasil.org.br\/2022\/#website\",\"url\":\"https:\/\/pesquisadoacaobrasil.org.br\/2022\/\",\"name\":\"Pesquisa Doa\u00e7\u00e3o Brasil - IDIS\",\"description\":\"\",\"publisher\":{\"@id\":\"https:\/\/pesquisadoacaobrasil.org.br\/2022\/#organization\"},\"potentialAction\":[{\"@type\":\"SearchAction\",\"target\":{\"@type\":\"EntryPoint\",\"urlTemplate\":\"https:\/\/pesquisadoacaobrasil.org.br\/2022\/?s={search_term_string}\"},\"query-input\":\"required name=search_term_string\"}],\"inLanguage\":\"pt-BR\"},{\"@type\":\"Organization\",\"@id\":\"https:\/\/pesquisadoacaobrasil.org.br\/2022\/#organization\",\"name\":\"Pesquisa Doa\u00e7\u00e3o Brasil - IDIS\",\"url\":\"https:\/\/pesquisadoacaobrasil.org.br\/2022\/\",\"logo\":{\"@type\":\"ImageObject\",\"inLanguage\":\"pt-BR\",\"@id\":\"https:\/\/pesquisadoacaobrasil.org.br\/2022\/#\/schema\/logo\/image\/\",\"url\":\"https:\/\/pesquisadoacaobrasil.org.br\/2022\/wp-content\/uploads\/2023\/07\/Group-641.svg\",\"contentUrl\":\"https:\/\/pesquisadoacaobrasil.org.br\/2022\/wp-content\/uploads\/2023\/07\/Group-641.svg\",\"caption\":\"Pesquisa Doa\u00e7\u00e3o Brasil - IDIS\"},\"image\":{\"@id\":\"https:\/\/pesquisadoacaobrasil.org.br\/2022\/#\/schema\/logo\/image\/\"}}]}<\/script>\n<!-- \/ Yoast SEO plugin. -->","yoast_head_json":{"title":"Resultados - Pesquisa Doa\u00e7\u00e3o Brasil - IDIS","robots":{"index":"index","follow":"follow","max-snippet":"max-snippet:-1","max-image-preview":"max-image-preview:large","max-video-preview":"max-video-preview:-1"},"canonical":"https:\/\/pesquisadoacaobrasil.org.br\/2022\/resultados\/","og_locale":"pt_BR","og_type":"article","og_title":"Pesquisa Doa\u00e7\u00e3o Brasil 2020","og_description":"A pesquisa que mostra como pensam e se comportam os doadores brasileiros (e os n\u00e3o doadores tamb\u00e9m). Visite para saber mais.","og_url":"https:\/\/pesquisadoacaobrasil.org.br\/2022\/resultados\/","og_site_name":"Pesquisa Doa\u00e7\u00e3o Brasil - IDIS","article_modified_time":"2023-10-16T14:08:20+00:00","og_image":[{"width":1083,"height":608,"url":"https:\/\/pesquisadoacaobrasil.org.br\/2022\/wp-content\/uploads\/2021\/08\/share-pesquisa-doacao-2020.png","type":"image\/png"}],"twitter_card":"summary_large_image","twitter_title":"Pesquisa Doa\u00e7\u00e3o Brasil 2020","twitter_description":"A pesquisa que mostra como pensam e se comportam os doadores brasileiros (e os n\u00e3o doadores tamb\u00e9m). Visite para saber mais.","twitter_image":"https:\/\/pesquisadoacaobrasil.org.br\/2022\/wp-content\/uploads\/2021\/08\/share-pesquisa-doacao-2020.png","schema":{"@context":"https:\/\/schema.org","@graph":[{"@type":"WebPage","@id":"https:\/\/pesquisadoacaobrasil.org.br\/2022\/resultados\/","url":"https:\/\/pesquisadoacaobrasil.org.br\/2022\/resultados\/","name":"Resultados - Pesquisa Doa\u00e7\u00e3o Brasil - IDIS","isPartOf":{"@id":"https:\/\/pesquisadoacaobrasil.org.br\/2022\/#website"},"datePublished":"2021-05-21T19:55:26+00:00","dateModified":"2023-10-16T14:08:20+00:00","inLanguage":"pt-BR","potentialAction":[{"@type":"ReadAction","target":["https:\/\/pesquisadoacaobrasil.org.br\/2022\/resultados\/"]}]},{"@type":"WebSite","@id":"https:\/\/pesquisadoacaobrasil.org.br\/2022\/#website","url":"https:\/\/pesquisadoacaobrasil.org.br\/2022\/","name":"Pesquisa Doa\u00e7\u00e3o Brasil - IDIS","description":"","publisher":{"@id":"https:\/\/pesquisadoacaobrasil.org.br\/2022\/#organization"},"potentialAction":[{"@type":"SearchAction","target":{"@type":"EntryPoint","urlTemplate":"https:\/\/pesquisadoacaobrasil.org.br\/2022\/?s={search_term_string}"},"query-input":"required name=search_term_string"}],"inLanguage":"pt-BR"},{"@type":"Organization","@id":"https:\/\/pesquisadoacaobrasil.org.br\/2022\/#organization","name":"Pesquisa Doa\u00e7\u00e3o Brasil - IDIS","url":"https:\/\/pesquisadoacaobrasil.org.br\/2022\/","logo":{"@type":"ImageObject","inLanguage":"pt-BR","@id":"https:\/\/pesquisadoacaobrasil.org.br\/2022\/#\/schema\/logo\/image\/","url":"https:\/\/pesquisadoacaobrasil.org.br\/2022\/wp-content\/uploads\/2023\/07\/Group-641.svg","contentUrl":"https:\/\/pesquisadoacaobrasil.org.br\/2022\/wp-content\/uploads\/2023\/07\/Group-641.svg","caption":"Pesquisa Doa\u00e7\u00e3o Brasil - IDIS"},"image":{"@id":"https:\/\/pesquisadoacaobrasil.org.br\/2022\/#\/schema\/logo\/image\/"}}]}},"acf":{"hero":{"title":"Resultados"},"list":[{"question":false},{"question":false}],"icon":false,"questions":[{"question":{"ID":305,"post_author":"1","post_date":"2021-08-09 23:55:45","post_date_gmt":"2021-08-10 02:55:45","post_content":"","post_title":"Propor\u00e7\u00e3o de Doadores","post_excerpt":"","post_status":"publish","comment_status":"closed","ping_status":"closed","post_password":"","post_name":"grupo-1","to_ping":"","pinged":"","post_modified":"2023-09-28 01:00:50","post_modified_gmt":"2023-09-28 04:00:50","post_content_filtered":"","post_parent":0,"guid":"https:\/\/pesquisadoacaobrasil.org.br\/?post_type=resultados&#038;p=305","menu_order":0,"post_type":"resultados","post_mime_type":"","comment_count":"0","filter":"raw"}},{"question":{"ID":306,"post_author":"1","post_date":"2021-08-09 23:56:20","post_date_gmt":"2021-08-10 02:56:20","post_content":"","post_title":"Perfil do Doador","post_excerpt":"","post_status":"publish","comment_status":"closed","ping_status":"closed","post_password":"","post_name":"grupo-2","to_ping":"","pinged":"","post_modified":"2023-10-11 09:45:48","post_modified_gmt":"2023-10-11 12:45:48","post_content_filtered":"","post_parent":0,"guid":"https:\/\/pesquisadoacaobrasil.org.br\/?post_type=resultados&#038;p=306","menu_order":1,"post_type":"resultados","post_mime_type":"","comment_count":"0","filter":"raw"}},{"question":{"ID":307,"post_author":"1","post_date":"2021-08-09 23:57:01","post_date_gmt":"2021-08-10 02:57:01","post_content":"","post_title":"Caracter\u00edsticas das doa\u00e7\u00f5es","post_excerpt":"","post_status":"publish","comment_status":"closed","ping_status":"closed","post_password":"","post_name":"grupo-3","to_ping":"","pinged":"","post_modified":"2023-10-05 15:40:05","post_modified_gmt":"2023-10-05 18:40:05","post_content_filtered":"","post_parent":0,"guid":"https:\/\/pesquisadoacaobrasil.org.br\/?post_type=resultados&#038;p=307","menu_order":2,"post_type":"resultados","post_mime_type":"","comment_count":"0","filter":"raw"}},{"question":{"ID":310,"post_author":"1","post_date":"2021-08-09 23:58:33","post_date_gmt":"2021-08-10 02:58:33","post_content":"","post_title":"N\u00e3o doadores","post_excerpt":"","post_status":"publish","comment_status":"closed","ping_status":"closed","post_password":"","post_name":"grupo-4","to_ping":"","pinged":"","post_modified":"2023-09-19 16:23:45","post_modified_gmt":"2023-09-19 19:23:45","post_content_filtered":"","post_parent":0,"guid":"https:\/\/pesquisadoacaobrasil.org.br\/?post_type=resultados&#038;p=310","menu_order":3,"post_type":"resultados","post_mime_type":"","comment_count":"0","filter":"raw"}},{"question":{"ID":311,"post_author":"1","post_date":"2021-08-09 23:59:02","post_date_gmt":"2021-08-10 02:59:02","post_content":"","post_title":"Como pensam os brasileiros","post_excerpt":"","post_status":"publish","comment_status":"closed","ping_status":"closed","post_password":"","post_name":"grupo-5","to_ping":"","pinged":"","post_modified":"2023-09-19 16:21:55","post_modified_gmt":"2023-09-19 19:21:55","post_content_filtered":"","post_parent":0,"guid":"https:\/\/pesquisadoacaobrasil.org.br\/?post_type=resultados&#038;p=311","menu_order":4,"post_type":"resultados","post_mime_type":"","comment_count":"0","filter":"raw"}},{"question":{"ID":309,"post_author":"1","post_date":"2021-08-09 23:58:04","post_date_gmt":"2021-08-10 02:58:04","post_content":"","post_title":"Gera\u00e7\u00e3o Z","post_excerpt":"","post_status":"publish","comment_status":"closed","ping_status":"closed","post_password":"","post_name":"grupo-6","to_ping":"","pinged":"","post_modified":"2023-10-12 11:20:20","post_modified_gmt":"2023-10-12 14:20:20","post_content_filtered":"","post_parent":0,"guid":"https:\/\/pesquisadoacaobrasil.org.br\/?post_type=resultados&#038;p=309","menu_order":5,"post_type":"resultados","post_mime_type":"","comment_count":"0","filter":"raw"}},{"question":{"ID":312,"post_author":"1","post_date":"2021-08-09 23:59:28","post_date_gmt":"2021-08-10 02:59:28","post_content":"","post_title":"Doa\u00e7\u00e3o de bens e voluntariado","post_excerpt":"","post_status":"publish","comment_status":"closed","ping_status":"closed","post_password":"","post_name":"grupo-7","to_ping":"","pinged":"","post_modified":"2023-09-19 16:24:17","post_modified_gmt":"2023-09-19 19:24:17","post_content_filtered":"","post_parent":0,"guid":"https:\/\/pesquisadoacaobrasil.org.br\/?post_type=resultados&#038;p=312","menu_order":6,"post_type":"resultados","post_mime_type":"","comment_count":"0","filter":"raw"}}],"results-navigation":{"title":"Veja mais dados sobre:"},"form_newsletter":{"title":"Baixe a pesquisa completa","text":"Conhe\u00e7a os principais resultados e materiais com an\u00e1lises sobre a cultura de doa\u00e7\u00e3o no Brasil","label":"Aceito receber novidades e e-mails do IDIS","placeholder":"Nome","placeholder_2":"E-mail","placeholder_3":"Organiza\u00e7\u00e3o","submit":"Baixar","arquivo_1":{"ID":1344,"id":1344,"title":"Pesquisa Doac\u0327a\u0303o Brasil 2022 - IDIS","filename":"Pesquisa-Doacao-Brasil-2022-IDIS-1.pdf","filesize":1236445,"url":"https:\/\/pesquisadoacaobrasil.org.br\/2022\/wp-content\/uploads\/2023\/08\/Pesquisa-Doacao-Brasil-2022-IDIS-1.pdf","link":"https:\/\/pesquisadoacaobrasil.org.br\/2022\/home\/pesquisa-doacao-brasil-2022-idis\/","alt":"","author":"1","description":"","caption":"","name":"pesquisa-doacao-brasil-2022-idis","status":"inherit","uploaded_to":8,"date":"2023-08-23 21:27:26","modified":"2023-08-23 21:27:26","menu_order":0,"mime_type":"application\/pdf","type":"application","subtype":"pdf","icon":"https:\/\/pesquisadoacaobrasil.org.br\/2022\/wp-includes\/images\/media\/document.png"},"arquivo_2":{"ID":1345,"id":1345,"title":"Infogra\u0301fico - Pesquisa Doac\u0327a\u0303o Brasil 2022 - IDIS","filename":"Infografico-Pesquisa-Doacao-Brasil-2022-IDIS.pdf","filesize":1211398,"url":"https:\/\/pesquisadoacaobrasil.org.br\/2022\/wp-content\/uploads\/2023\/08\/Infografico-Pesquisa-Doacao-Brasil-2022-IDIS.pdf","link":"https:\/\/pesquisadoacaobrasil.org.br\/2022\/home\/infografico-pesquisa-doacao-brasil-2022-idis\/","alt":"","author":"1","description":"","caption":"","name":"infografico-pesquisa-doacao-brasil-2022-idis","status":"inherit","uploaded_to":8,"date":"2023-08-23 21:27:37","modified":"2023-08-23 21:27:37","menu_order":0,"mime_type":"application\/pdf","type":"application","subtype":"pdf","icon":"https:\/\/pesquisadoacaobrasil.org.br\/2022\/wp-includes\/images\/media\/document.png"},"arquivo_3":""}},"_links":{"self":[{"href":"https:\/\/pesquisadoacaobrasil.org.br\/2022\/wp-json\/wp\/v2\/pages\/21","targetHints":{"allow":["GET"]}}],"collection":[{"href":"https:\/\/pesquisadoacaobrasil.org.br\/2022\/wp-json\/wp\/v2\/pages"}],"about":[{"href":"https:\/\/pesquisadoacaobrasil.org.br\/2022\/wp-json\/wp\/v2\/types\/page"}],"author":[{"embeddable":true,"href":"https:\/\/pesquisadoacaobrasil.org.br\/2022\/wp-json\/wp\/v2\/users\/1"}],"replies":[{"embeddable":true,"href":"https:\/\/pesquisadoacaobrasil.org.br\/2022\/wp-json\/wp\/v2\/comments?post=21"}],"version-history":[{"count":5,"href":"https:\/\/pesquisadoacaobrasil.org.br\/2022\/wp-json\/wp\/v2\/pages\/21\/revisions"}],"predecessor-version":[{"id":2261,"href":"https:\/\/pesquisadoacaobrasil.org.br\/2022\/wp-json\/wp\/v2\/pages\/21\/revisions\/2261"}],"wp:attachment":[{"href":"https:\/\/pesquisadoacaobrasil.org.br\/2022\/wp-json\/wp\/v2\/media?parent=21"}],"curies":[{"name":"wp","href":"https:\/\/api.w.org\/{rel}","templated":true}]}}