{"id":31,"date":"2021-08-07T08:53:11","date_gmt":"2021-08-07T11:53:11","guid":{"rendered":"https:\/\/pesquisadoacaobrasil.org.br\/?page_id=31"},"modified":"2024-09-26T10:04:22","modified_gmt":"2024-09-26T13:04:22","slug":"metodologia","status":"publish","type":"page","link":"https:\/\/pesquisadoacaobrasil.org.br\/2022\/metodologia\/","title":{"rendered":"Metodologia"},"content":{"rendered":"","protected":false},"excerpt":{"rendered":"","protected":false},"author":1,"featured_media":0,"parent":0,"menu_order":0,"comment_status":"closed","ping_status":"closed","template":"","meta":{"footnotes":""},"class_list":["post-31","page","type-page","status-publish","hentry"],"yoast_head":"<!-- This site is optimized with the Yoast SEO plugin v21.3 - https:\/\/yoast.com\/wordpress\/plugins\/seo\/ -->\n<title>Metodologia - Pesquisa Doa\u00e7\u00e3o Brasil - IDIS<\/title>\n<meta name=\"robots\" content=\"index, follow, max-snippet:-1, max-image-preview:large, max-video-preview:-1\" \/>\n<link rel=\"canonical\" href=\"https:\/\/pesquisadoacaobrasil.org.br\/2022\/metodologia\/\" \/>\n<meta property=\"og:locale\" content=\"pt_BR\" \/>\n<meta property=\"og:type\" content=\"article\" \/>\n<meta property=\"og:title\" content=\"Pesquisa Doa\u00e7\u00e3o Brasil 2020\" \/>\n<meta property=\"og:description\" content=\"A pesquisa que mostra como pensam e se comportam os doadores brasileiros (e os n\u00e3o doadores tamb\u00e9m). Visite para saber mais.\" \/>\n<meta property=\"og:url\" content=\"https:\/\/pesquisadoacaobrasil.org.br\/2022\/metodologia\/\" \/>\n<meta property=\"og:site_name\" content=\"Pesquisa Doa\u00e7\u00e3o Brasil - IDIS\" \/>\n<meta property=\"article:modified_time\" content=\"2024-09-26T13:04:22+00:00\" \/>\n<meta property=\"og:image\" content=\"https:\/\/pesquisadoacaobrasil.org.br\/2022\/wp-content\/uploads\/2021\/08\/share-pesquisa-doacao-2020.png\" \/>\n\t<meta property=\"og:image:width\" content=\"1083\" \/>\n\t<meta property=\"og:image:height\" content=\"608\" \/>\n\t<meta property=\"og:image:type\" content=\"image\/png\" \/>\n<meta name=\"twitter:card\" content=\"summary_large_image\" \/>\n<meta name=\"twitter:title\" content=\"Pesquisa Doa\u00e7\u00e3o Brasil 2020\" \/>\n<meta name=\"twitter:description\" content=\"A pesquisa que mostra como pensam e se comportam os doadores brasileiros (e os n\u00e3o doadores tamb\u00e9m). Visite para saber mais.\" \/>\n<meta name=\"twitter:image\" content=\"https:\/\/pesquisadoacaobrasil.org.br\/2022\/wp-content\/uploads\/2021\/08\/share-pesquisa-doacao-2020.png\" \/>\n<script type=\"application\/ld+json\" class=\"yoast-schema-graph\">{\"@context\":\"https:\/\/schema.org\",\"@graph\":[{\"@type\":\"WebPage\",\"@id\":\"https:\/\/pesquisadoacaobrasil.org.br\/2022\/metodologia\/\",\"url\":\"https:\/\/pesquisadoacaobrasil.org.br\/2022\/metodologia\/\",\"name\":\"Metodologia - Pesquisa Doa\u00e7\u00e3o Brasil - IDIS\",\"isPartOf\":{\"@id\":\"https:\/\/pesquisadoacaobrasil.org.br\/2022\/#website\"},\"datePublished\":\"2021-08-07T11:53:11+00:00\",\"dateModified\":\"2024-09-26T13:04:22+00:00\",\"inLanguage\":\"pt-BR\",\"potentialAction\":[{\"@type\":\"ReadAction\",\"target\":[\"https:\/\/pesquisadoacaobrasil.org.br\/2022\/metodologia\/\"]}]},{\"@type\":\"WebSite\",\"@id\":\"https:\/\/pesquisadoacaobrasil.org.br\/2022\/#website\",\"url\":\"https:\/\/pesquisadoacaobrasil.org.br\/2022\/\",\"name\":\"Pesquisa Doa\u00e7\u00e3o Brasil - IDIS\",\"description\":\"\",\"publisher\":{\"@id\":\"https:\/\/pesquisadoacaobrasil.org.br\/2022\/#organization\"},\"potentialAction\":[{\"@type\":\"SearchAction\",\"target\":{\"@type\":\"EntryPoint\",\"urlTemplate\":\"https:\/\/pesquisadoacaobrasil.org.br\/2022\/?s={search_term_string}\"},\"query-input\":\"required name=search_term_string\"}],\"inLanguage\":\"pt-BR\"},{\"@type\":\"Organization\",\"@id\":\"https:\/\/pesquisadoacaobrasil.org.br\/2022\/#organization\",\"name\":\"Pesquisa Doa\u00e7\u00e3o Brasil - IDIS\",\"url\":\"https:\/\/pesquisadoacaobrasil.org.br\/2022\/\",\"logo\":{\"@type\":\"ImageObject\",\"inLanguage\":\"pt-BR\",\"@id\":\"https:\/\/pesquisadoacaobrasil.org.br\/2022\/#\/schema\/logo\/image\/\",\"url\":\"https:\/\/pesquisadoacaobrasil.org.br\/2022\/wp-content\/uploads\/2023\/07\/Group-641.svg\",\"contentUrl\":\"https:\/\/pesquisadoacaobrasil.org.br\/2022\/wp-content\/uploads\/2023\/07\/Group-641.svg\",\"caption\":\"Pesquisa Doa\u00e7\u00e3o Brasil - IDIS\"},\"image\":{\"@id\":\"https:\/\/pesquisadoacaobrasil.org.br\/2022\/#\/schema\/logo\/image\/\"}}]}<\/script>\n<!-- \/ Yoast SEO plugin. -->","yoast_head_json":{"title":"Metodologia - Pesquisa Doa\u00e7\u00e3o Brasil - IDIS","robots":{"index":"index","follow":"follow","max-snippet":"max-snippet:-1","max-image-preview":"max-image-preview:large","max-video-preview":"max-video-preview:-1"},"canonical":"https:\/\/pesquisadoacaobrasil.org.br\/2022\/metodologia\/","og_locale":"pt_BR","og_type":"article","og_title":"Pesquisa Doa\u00e7\u00e3o Brasil 2020","og_description":"A pesquisa que mostra como pensam e se comportam os doadores brasileiros (e os n\u00e3o doadores tamb\u00e9m). Visite para saber mais.","og_url":"https:\/\/pesquisadoacaobrasil.org.br\/2022\/metodologia\/","og_site_name":"Pesquisa Doa\u00e7\u00e3o Brasil - IDIS","article_modified_time":"2024-09-26T13:04:22+00:00","og_image":[{"width":1083,"height":608,"url":"https:\/\/pesquisadoacaobrasil.org.br\/2022\/wp-content\/uploads\/2021\/08\/share-pesquisa-doacao-2020.png","type":"image\/png"}],"twitter_card":"summary_large_image","twitter_title":"Pesquisa Doa\u00e7\u00e3o Brasil 2020","twitter_description":"A pesquisa que mostra como pensam e se comportam os doadores brasileiros (e os n\u00e3o doadores tamb\u00e9m). Visite para saber mais.","twitter_image":"https:\/\/pesquisadoacaobrasil.org.br\/2022\/wp-content\/uploads\/2021\/08\/share-pesquisa-doacao-2020.png","schema":{"@context":"https:\/\/schema.org","@graph":[{"@type":"WebPage","@id":"https:\/\/pesquisadoacaobrasil.org.br\/2022\/metodologia\/","url":"https:\/\/pesquisadoacaobrasil.org.br\/2022\/metodologia\/","name":"Metodologia - Pesquisa Doa\u00e7\u00e3o Brasil - IDIS","isPartOf":{"@id":"https:\/\/pesquisadoacaobrasil.org.br\/2022\/#website"},"datePublished":"2021-08-07T11:53:11+00:00","dateModified":"2024-09-26T13:04:22+00:00","inLanguage":"pt-BR","potentialAction":[{"@type":"ReadAction","target":["https:\/\/pesquisadoacaobrasil.org.br\/2022\/metodologia\/"]}]},{"@type":"WebSite","@id":"https:\/\/pesquisadoacaobrasil.org.br\/2022\/#website","url":"https:\/\/pesquisadoacaobrasil.org.br\/2022\/","name":"Pesquisa Doa\u00e7\u00e3o Brasil - IDIS","description":"","publisher":{"@id":"https:\/\/pesquisadoacaobrasil.org.br\/2022\/#organization"},"potentialAction":[{"@type":"SearchAction","target":{"@type":"EntryPoint","urlTemplate":"https:\/\/pesquisadoacaobrasil.org.br\/2022\/?s={search_term_string}"},"query-input":"required name=search_term_string"}],"inLanguage":"pt-BR"},{"@type":"Organization","@id":"https:\/\/pesquisadoacaobrasil.org.br\/2022\/#organization","name":"Pesquisa Doa\u00e7\u00e3o Brasil - IDIS","url":"https:\/\/pesquisadoacaobrasil.org.br\/2022\/","logo":{"@type":"ImageObject","inLanguage":"pt-BR","@id":"https:\/\/pesquisadoacaobrasil.org.br\/2022\/#\/schema\/logo\/image\/","url":"https:\/\/pesquisadoacaobrasil.org.br\/2022\/wp-content\/uploads\/2023\/07\/Group-641.svg","contentUrl":"https:\/\/pesquisadoacaobrasil.org.br\/2022\/wp-content\/uploads\/2023\/07\/Group-641.svg","caption":"Pesquisa Doa\u00e7\u00e3o Brasil - IDIS"},"image":{"@id":"https:\/\/pesquisadoacaobrasil.org.br\/2022\/#\/schema\/logo\/image\/"}}]}},"acf":{"hero":{"title":"Metodologia","info":{"image":{"ID":1035,"id":1035,"title":"logo-metodologia","filename":"logo-metodologia.svg","filesize":22942,"url":"https:\/\/pesquisadoacaobrasil.org.br\/2022\/wp-content\/uploads\/2023\/08\/logo-metodologia.svg","link":"https:\/\/pesquisadoacaobrasil.org.br\/2022\/metodologia\/logo-metodologia\/","alt":"","author":"1","description":"","caption":"","name":"logo-metodologia","status":"inherit","uploaded_to":31,"date":"2023-08-02 03:36:10","modified":"2023-08-02 03:36:10","menu_order":0,"mime_type":"image\/svg+xml","type":"image","subtype":"svg+xml","icon":"https:\/\/pesquisadoacaobrasil.org.br\/2022\/wp-includes\/images\/media\/default.png","width":0,"height":0,"sizes":{"thumbnail":"https:\/\/pesquisadoacaobrasil.org.br\/2022\/wp-content\/uploads\/2023\/08\/logo-metodologia.svg","thumbnail-width":1,"thumbnail-height":1,"medium":"https:\/\/pesquisadoacaobrasil.org.br\/2022\/wp-content\/uploads\/2023\/08\/logo-metodologia.svg","medium-width":1,"medium-height":1,"medium_large":"https:\/\/pesquisadoacaobrasil.org.br\/2022\/wp-content\/uploads\/2023\/08\/logo-metodologia.svg","medium_large-width":1,"medium_large-height":1,"large":"https:\/\/pesquisadoacaobrasil.org.br\/2022\/wp-content\/uploads\/2023\/08\/logo-metodologia.svg","large-width":1,"large-height":1,"1536x1536":"https:\/\/pesquisadoacaobrasil.org.br\/2022\/wp-content\/uploads\/2023\/08\/logo-metodologia.svg","1536x1536-width":1,"1536x1536-height":1,"2048x2048":"https:\/\/pesquisadoacaobrasil.org.br\/2022\/wp-content\/uploads\/2023\/08\/logo-metodologia.svg","2048x2048-width":1,"2048x2048-height":1}},"title":"Saiba como foi realizada a Pesquisa Doa\u00e7\u00e3o Brasil 2022"}},"step_1":{"title":"CONTEXTO ","text":"<p>Esta \u00e9 a terceira edi\u00e7\u00e3o da Pesquisa Doa\u00e7\u00e3o Brasil e retrata as doa\u00e7\u00f5es de 2022. As duas edi\u00e7\u00f5es anteriores enfocaram, respectivamente, 2015 e 2020.<\/p>\n<p>Al\u00e9m de mostrar as cren\u00e7as, valores, opini\u00f5es e pr\u00e1ticas de doa\u00e7\u00e3o dos brasileiros, esta edi\u00e7\u00e3o tamb\u00e9m se prop\u00f5e a desvendar se os resultados da segunda edi\u00e7\u00e3o refletiram apenas uma resposta \u00e0 situa\u00e7\u00e3o de pandemia ou eram mesmo uma tend\u00eancia na cultura de doa\u00e7\u00e3o do Pa\u00eds. Al\u00e9m disso, a terceira edi\u00e7\u00e3o faz uma an\u00e1lise sobre o perfil dos doadores da Gera\u00e7\u00e3o Z, buscando entender como esse p\u00fablico se comporta quando o assunto \u00e9 a doa\u00e7\u00e3o.<\/p>\n<h4><strong>Metodologia<\/strong><\/h4>\n<ul>\n<li>Quantitativa<\/li>\n<li>Entrevistas feitas via CATI (Computer Assisted Telephone Interviewing), entrevistas telef\u00f4nicas assistidas por computador<\/li>\n<\/ul>\n<h4><strong>Data da realiza\u00e7\u00e3o<\/strong><\/h4>\n<ul>\n<li>3 de maio a 13 de junho de 2023<\/li>\n<\/ul>\n<h4><strong>Margem de erro<\/strong><\/h4>\n<ul>\n<li>2,5 pontos percentuais<\/li>\n<\/ul>\n<h4><strong>Caracter\u00edsticas da amostra<\/strong><\/h4>\n<ul>\n<li>Tamanho: 1.508 entrevistados<\/li>\n<li>Abrang\u00eancia geogr\u00e1fica: nacional, representativa das cinco regi\u00f5es<\/li>\n<li>Equivalente a 117 milh\u00f5es de pessoas<\/li>\n<li>Ponderada de acordo com os dados demogr\u00e1ficos do Censo do IBGE 2022<\/li>\n<\/ul>\n<p>&nbsp;<\/p>\n<p style=\"text-align: center;\"><em>Se deseja acesso \u00e0 <strong>base completa de dados<\/strong>, para uso acad\u00eamico ou outros cruzamentos,<\/em><br \/>\n<em>entre em contato com comunicacao@idis.org.br<\/em><\/p>\n","link":""},"participants":{"title":"PERFIL DA AMOSTRA","list":[{"item":"Homens e <br \/>Mulheres"},{"item":"Renda maior que <br \/>1SM"},{"item":"Idade: 18 a<br \/> +60 anos"},{"item":"Doadores"},{"item":"N\u00e3o Doadores"},{"item":"Gera\u00e7\u00e3o Z (18 a 27 anos)"}],"table":{"title":"","table":{"header":"","subheader-1":"","subheader-2":"","total":"","table":false}}},"step_2":{"title":"CONCEITOS","date":"","text":"<p>A Pesquisa Doa\u00e7\u00e3o Brasil nasceu com o intuito principal de identificar quantos brasileiros doam para organiza\u00e7\u00f5es, projetos ou iniciativas socioambientais, qual o valor m\u00e9dio dessas doa\u00e7\u00f5es e qual o volume total desses recursos no ano analisado.<\/p>\n<p>Para alcan\u00e7ar esse objetivo, a Pesquisa Doa\u00e7\u00e3o Brasil classifica os doadores em diversos tipos:<\/p>\n<p><strong>Doadores em geral:<\/strong> re\u00fane os indiv\u00edduos que fizeram qualquer tipo de doa\u00e7\u00e3o, seja de recursos financeiros, bens ou tempo (trabalho volunt\u00e1rio).<\/p>\n<p><strong>Doadores de bens:<\/strong> re\u00fane os indiv\u00edduos que doaram bens (roupas, alimentos, rem\u00e9dios, etc) tanto para institui\u00e7\u00f5es quanto diretamente para pessoas necessitadas.<\/p>\n<p><strong>Doadores de tempo:<\/strong> re\u00fane os indiv\u00edduos que fizeram trabalho volunt\u00e1rio.<\/p>\n<p><strong>Doadores de dinheiro em geral:<\/strong> re\u00fane os indiv\u00edduos que doaram recursos financeiros para qualquer tipo de benefici\u00e1rio.<\/p>\n<p><strong>Doadores institucionais<\/strong>: re\u00fane apenas os indiv\u00edduos que doaram para organiza\u00e7\u00f5es, projetos ou iniciativas socioambientais. N\u00e3o considera os que doaram esmola, d\u00edzimo ou dinheiro para familiares e pessoas conhecidas.<\/p>\n<p style=\"text-align: center;\">\u00c9 claro que essas categorias se misturam porque h\u00e1 pessoas que praticam diversos tipos de doa\u00e7\u00e3o, por\u00e9m, as principais an\u00e1lises apresentadas pe\u00e7a Pesquisa Doa\u00e7\u00e3o Brasil s\u00e3o sobre <strong>doadores institucionais. <\/strong><\/p>\n","link":""},"profile":{"title":"","text":""},"newsletter":{"newslettersss":{"title":"N\u00e3o perca a pesquisa completa","text":"Estamos disponibilizando a Pesquisa em blocos.<br \/>\r\nCadastre-se para receber as informa\u00e7\u00f5es.","list":false}},"form_newsletter":{"title":"Fique por dentro das novidades!","text":"Cadastre-se e receba novidades sobre a pesquisa e conte\u00fados sobre cultura de doa\u00e7\u00e3o.","label":"Tamb\u00e9m quero receber o InVista Social, a newsletter mensal do IDIS","placeholder":"E-mail","placeholder_2":"E-mail","placeholder_3":"Organiza\u00e7\u00e3o","submit":"Receber aviso","arquivo_1":false,"arquivo_2":false,"arquivo_3":""},"newslettersss":{"title":"N\u00e3o perca a pesquisa completa","text":"Estamos disponibilizando a Pesquisa em blocos.<br \/>\r\nCadastre-se para receber as informa\u00e7\u00f5es.","list":false}},"_links":{"self":[{"href":"https:\/\/pesquisadoacaobrasil.org.br\/2022\/wp-json\/wp\/v2\/pages\/31","targetHints":{"allow":["GET"]}}],"collection":[{"href":"https:\/\/pesquisadoacaobrasil.org.br\/2022\/wp-json\/wp\/v2\/pages"}],"about":[{"href":"https:\/\/pesquisadoacaobrasil.org.br\/2022\/wp-json\/wp\/v2\/types\/page"}],"author":[{"embeddable":true,"href":"https:\/\/pesquisadoacaobrasil.org.br\/2022\/wp-json\/wp\/v2\/users\/1"}],"replies":[{"embeddable":true,"href":"https:\/\/pesquisadoacaobrasil.org.br\/2022\/wp-json\/wp\/v2\/comments?post=31"}],"version-history":[{"count":1,"href":"https:\/\/pesquisadoacaobrasil.org.br\/2022\/wp-json\/wp\/v2\/pages\/31\/revisions"}],"predecessor-version":[{"id":2350,"href":"https:\/\/pesquisadoacaobrasil.org.br\/2022\/wp-json\/wp\/v2\/pages\/31\/revisions\/2350"}],"wp:attachment":[{"href":"https:\/\/pesquisadoacaobrasil.org.br\/2022\/wp-json\/wp\/v2\/media?parent=31"}],"curies":[{"name":"wp","href":"https:\/\/api.w.org\/{rel}","templated":true}]}}